{"id":59522,"date":"2014-10-22T01:33:37","date_gmt":"2014-10-22T04:33:37","guid":{"rendered":"https:\/\/hansenimoveis.com\/?page_id=59522"},"modified":"2025-04-18T23:36:00","modified_gmt":"2025-04-19T02:36:00","slug":"documentacao-necessaria-para-alugar-um-imovel","status":"publish","type":"page","link":"https:\/\/hansenimoveis.com\/pt-br\/resources\/documentacao-necessaria-para-alugar-um-imovel\/","title":{"rendered":"Documenta\u00e7\u00e3o necess\u00e1ria para alugar um im\u00f3vel"},"content":{"rendered":"<h1>Documenta\u00e7\u00e3o necess\u00e1ria para alugar um im\u00f3vel<\/h1>\n<h2>Locat\u00e1rio \u2013 Pessoa F\u00edsica<\/h2>\n<ul>\n<li>Carteira de Identidade e CPF (do casal se for o caso)<\/li>\n<li>Comprovante de resid\u00eancia<\/li>\n<li>Comprovante de rendimento igual ou superior a 3 (tr\u00eas) vezes o valor do aluguel (compravente de renda, carteira profissional, ou declara\u00e7\u00e3o de Imposto de Renda)<\/li>\n<\/ul>\n<h2>Locador (propriet\u00e1rio)<\/h2>\n<ul>\n<li>Carteira de Identidade e CPF ou, no caso de ser pessoa jur\u00eddica, contrato social, CNPJ e designa\u00e7\u00e3o de poderes de seus representantes legais<\/li>\n<li>Comprovante de propriedade ou dom\u00ednio do im\u00f3vel<\/li>\n<\/ul>\n<h2>Fiadores Pessoa F\u00edsica<\/h2>\n<ul>\n<li>Carteira de Identidade e CPF (do casal, se for o caso)<\/li>\n<li>Certid\u00e3o de Casamento<\/li>\n<li>Comprovante de resid\u00eancia<\/li>\n<li>Comprovante de rendimento igual ou superior a tr\u00eas vezes o valor do aluguel (contra-cheque de sal\u00e1rio, carteira profissional, ou declara\u00e7\u00e3o de Imposto de Renda)<\/li>\n<li>Certid\u00e3o de \u00f4nus Reais + C\u00f3pia do \u00faltimo IPTU do im\u00f3vel<\/li>\n<\/ul>\n<h2>Documentos do locador para o Seguro Fian\u00e7a (Pessoa F\u00edsica)<\/h2>\n<ul>\n<li>CPF<\/li>\n<li>RG.<\/li>\n<\/ul>\n<h2><strong>Se morar em resid\u00eancia alugada:<\/strong><\/h2>\n<ul>\n<li>Recibos de aluguel dos \u00faltimos 3 meses<\/li>\n<li>C\u00f3pia do contrato de loca\u00e7\u00e3o ou telefone da imobili\u00e1ria\/locador ou uma declara\u00e7\u00e3o sobre aus\u00eancia de atrasos e d\u00edvidas<\/li>\n<\/ul>\n<h2><strong>Em rela\u00e7\u00e3o \u00e0 comprova\u00e7\u00e3o de renda:<\/strong><\/h2>\n<ul>\n<li>Empregado com carteira assinada &#8211; \u00faltimo contracheque, ou os tr\u00eas \u00faltimos recibos de pagamento, se tiver remunera\u00e7\u00e3o vari\u00e1vel. C\u00f3pia da Carteira Profissional. Se admitido h\u00e1 menos de seis meses, c\u00f3pia do v\u00ednculo empregat\u00edcio anterior<\/li>\n<li>Aut\u00f4nomo \u2013 Imposto de Renda e extrato banc\u00e1rio dos tr\u00eas \u00faltimos meses<\/li>\n<li>Profissional liberal \u2013 Imposto de Renda e extrato banc\u00e1rio dos tr\u00eas \u00faltimos meses<\/li>\n<li>Microempres\u00e1rio \u2013 contrato social ou declara\u00e7\u00e3o de firma individual, Imposto de Renda na \u00edntegra e extrato banc\u00e1rio dos tr\u00eas \u00faltimos meses<\/li>\n<li>Aposentado ou pensionista \u2013 \u00faltimo contracheque, se for funcion\u00e1rio p\u00fablico, ou extrato trimestral do INSS ou outro fundo de pens\u00e3o<\/li>\n<li>Renda proveniente de alugu\u00e9is \u2013 c\u00f3pia do IPTU, escritura ou Registro Geral de Im\u00f3veis), contrato de loca\u00e7\u00e3o e o \u00faltimo recibo de aluguel<\/li>\n<\/ul>\n<h2>Documentos do locador para o Seguro Fian\u00e7a (Pessoa Jur\u00eddica)<\/h2>\n<h3><strong>Empresas em fase de constitui\u00e7\u00e3o:<\/strong><\/h3>\n<ul>\n<li>Comprovante de renda dos s\u00f3cios e comprovantes capital necess\u00e1rio para abertura do neg\u00f3cio (poupan\u00e7a, fundos de investimento ou outras aplica\u00e7\u00f5es)<\/li>\n<li>Contrato social e altera\u00e7\u00f5es<\/li>\n<li>Ficha cadastral da empresa e dos s\u00f3cios, acompanhada de seus documentos pessoais<\/li>\n<li>Se o s\u00f3cio majorit\u00e1rio for Pessoa Jur\u00eddica, a documenta\u00e7\u00e3o exigida \u00e9: \u00edntegra do IR dos s\u00f3cios e faturamento mensal \u00faltimos 12 meses<\/li>\n<\/ul>\n<h3><strong>Empresa optante do lucro real ou institui\u00e7\u00f5es sem fins lucrativos:<\/strong><\/h3>\n<ul>\n<li>Protocolo da \u00faltima declara\u00e7\u00e3o de Imposto de Renda da Pessoa Jur\u00eddica<\/li>\n<li>Balan\u00e7o dos dois \u00faltimos anos assinado pelo contador<\/li>\n<li>Balancete acumulado se passado mais de tr\u00eas meses do fechamento do \u00faltimo balan\u00e7o, assinado pelo contador<\/li>\n<\/ul>\n<h3><strong>Empresa optante do Super Simples:<\/strong><\/h3>\n<ul>\n<li>Declara\u00e7\u00e3o de Imposto de Renda da Pessoa Jur\u00eddica na \u00edntegra dos dois \u00faltimos anos<\/li>\n<li>DAS do Super Simples quitadas dos \u00faltimos seis meses<\/li>\n<\/ul>\n","protected":false},"excerpt":{"rendered":"<p>Documenta\u00e7\u00e3o necess\u00e1ria para alugar um im\u00f3vel Locat\u00e1rio \u2013 Pessoa F\u00edsica Carteira de Identidade e CPF (do casal se for o caso) Comprovante de resid\u00eancia Comprovante de rendimento igual ou superior a 3 (tr\u00eas) vezes o valor do aluguel (compravente de renda, carteira profissional, ou declara\u00e7\u00e3o de Imposto de Renda) Locador (propriet\u00e1rio) Carteira de Identidade e&#8230;<\/p>\n","protected":false},"author":1,"featured_media":59526,"parent":59035,"menu_order":0,"comment_status":"closed","ping_status":"closed","template":"","meta":{"footnotes":""},"class_list":["post-59522","page","type-page","status-publish","has-post-thumbnail","hentry"],"yoast_head":"<!-- This site is optimized with the Yoast SEO Premium plugin v27.4 (Yoast SEO v27.4) - https:\/\/yoast.com\/product\/yoast-seo-premium-wordpress\/ -->\n<title>Documenta\u00e7\u00e3o necess\u00e1ria para alugar um im\u00f3vel | Hansen Im\u00f3veis<\/title>\n<meta name=\"description\" content=\"A lista de documentos comuns para quem vai alugar um im\u00f3vel. Hansen Im\u00f3veis\" \/>\n<meta name=\"robots\" content=\"index, follow, max-snippet:-1, max-image-preview:large, max-video-preview:-1\" \/>\n<link rel=\"canonical\" href=\"https:\/\/hansenimoveis.com\/pt-br\/resources\/documentacao-necessaria-para-alugar-um-imovel\/\" \/>\n<meta property=\"og:locale\" content=\"pt_BR\" \/>\n<meta property=\"og:type\" content=\"article\" \/>\n<meta property=\"og:title\" content=\"Documenta\u00e7\u00e3o necess\u00e1ria para alugar um im\u00f3vel\" \/>\n<meta property=\"og:description\" content=\"A lista de documentos comuns para quem vai alugar um im\u00f3vel. Hansen Im\u00f3veis\" \/>\n<meta property=\"og:url\" content=\"https:\/\/hansenimoveis.com\/pt-br\/resources\/documentacao-necessaria-para-alugar-um-imovel\/\" \/>\n<meta property=\"og:site_name\" content=\"Hansen Im\u00f3veis | Im\u00f3veis \u00e0 venda Lauro de Freitas, Litoral Norte e Salvador\" \/>\n<meta property=\"article:publisher\" content=\"https:\/\/www.facebook.com\/Hansen-Imveis-356389241069613\/\" \/>\n<meta property=\"article:modified_time\" content=\"2025-04-19T02:36:00+00:00\" \/>\n<meta property=\"og:image\" content=\"https:\/\/hansenimoveis.com\/wp-content\/uploads\/2014\/10\/mudanca.jpg\" \/>\n\t<meta property=\"og:image:width\" content=\"830\" \/>\n\t<meta property=\"og:image:height\" content=\"323\" \/>\n\t<meta property=\"og:image:type\" content=\"image\/jpeg\" \/>\n<meta name=\"twitter:label1\" content=\"Est. tempo de leitura\" \/>\n\t<meta name=\"twitter:data1\" content=\"3 minutos\" \/>\n<script type=\"application\/ld+json\" class=\"yoast-schema-graph\">{\"@context\":\"https:\\\/\\\/schema.org\",\"@graph\":[{\"@type\":\"WebPage\",\"@id\":\"https:\\\/\\\/hansenimoveis.com\\\/pt-br\\\/resources\\\/documentacao-necessaria-para-alugar-um-imovel\\\/\",\"url\":\"https:\\\/\\\/hansenimoveis.com\\\/pt-br\\\/resources\\\/documentacao-necessaria-para-alugar-um-imovel\\\/\",\"name\":\"Documenta\u00e7\u00e3o necess\u00e1ria para alugar um im\u00f3vel | Hansen Im\u00f3veis\",\"isPartOf\":{\"@id\":\"https:\\\/\\\/hansenimoveis.com\\\/pt-br\\\/#website\"},\"primaryImageOfPage\":{\"@id\":\"https:\\\/\\\/hansenimoveis.com\\\/pt-br\\\/resources\\\/documentacao-necessaria-para-alugar-um-imovel\\\/#primaryimage\"},\"image\":{\"@id\":\"https:\\\/\\\/hansenimoveis.com\\\/pt-br\\\/resources\\\/documentacao-necessaria-para-alugar-um-imovel\\\/#primaryimage\"},\"thumbnailUrl\":\"https:\\\/\\\/hansenimoveis.com\\\/wp-content\\\/uploads\\\/2014\\\/10\\\/mudanca.jpg\",\"datePublished\":\"2014-10-22T04:33:37+00:00\",\"dateModified\":\"2025-04-19T02:36:00+00:00\",\"description\":\"A lista de documentos comuns para quem vai alugar um im\u00f3vel. Hansen Im\u00f3veis\",\"breadcrumb\":{\"@id\":\"https:\\\/\\\/hansenimoveis.com\\\/pt-br\\\/resources\\\/documentacao-necessaria-para-alugar-um-imovel\\\/#breadcrumb\"},\"inLanguage\":\"pt-BR\",\"potentialAction\":[{\"@type\":\"ReadAction\",\"target\":[\"https:\\\/\\\/hansenimoveis.com\\\/pt-br\\\/resources\\\/documentacao-necessaria-para-alugar-um-imovel\\\/\"]}]},{\"@type\":\"ImageObject\",\"inLanguage\":\"pt-BR\",\"@id\":\"https:\\\/\\\/hansenimoveis.com\\\/pt-br\\\/resources\\\/documentacao-necessaria-para-alugar-um-imovel\\\/#primaryimage\",\"url\":\"https:\\\/\\\/hansenimoveis.com\\\/wp-content\\\/uploads\\\/2014\\\/10\\\/mudanca.jpg\",\"contentUrl\":\"https:\\\/\\\/hansenimoveis.com\\\/wp-content\\\/uploads\\\/2014\\\/10\\\/mudanca.jpg\",\"width\":830,\"height\":323,\"caption\":\"Hansen Im\u00f3veis mudanca\"},{\"@type\":\"BreadcrumbList\",\"@id\":\"https:\\\/\\\/hansenimoveis.com\\\/pt-br\\\/resources\\\/documentacao-necessaria-para-alugar-um-imovel\\\/#breadcrumb\",\"itemListElement\":[{\"@type\":\"ListItem\",\"position\":1,\"name\":\"In\u00edcio\",\"item\":\"https:\\\/\\\/hansenimoveis.com\\\/pt-br\\\/\"},{\"@type\":\"ListItem\",\"position\":2,\"name\":\"Resources\",\"item\":\"https:\\\/\\\/hansenimoveis.com\\\/pt-br\\\/resources\\\/\"},{\"@type\":\"ListItem\",\"position\":3,\"name\":\"Documenta\u00e7\u00e3o necess\u00e1ria para alugar um im\u00f3vel\"}]},{\"@type\":\"WebSite\",\"@id\":\"https:\\\/\\\/hansenimoveis.com\\\/pt-br\\\/#website\",\"url\":\"https:\\\/\\\/hansenimoveis.com\\\/pt-br\\\/\",\"name\":\"Hansen Im\u00f3veis | Im\u00f3veis \u00e0 venda Lauro de Freitas, Litoral Norte e Salvador\",\"description\":\"\",\"publisher\":{\"@id\":\"https:\\\/\\\/hansenimoveis.com\\\/pt-br\\\/#organization\"},\"potentialAction\":[{\"@type\":\"SearchAction\",\"target\":{\"@type\":\"EntryPoint\",\"urlTemplate\":\"https:\\\/\\\/hansenimoveis.com\\\/pt-br\\\/?s={search_term_string}\"},\"query-input\":{\"@type\":\"PropertyValueSpecification\",\"valueRequired\":true,\"valueName\":\"search_term_string\"}}],\"inLanguage\":\"pt-BR\"},{\"@type\":[\"Organization\",\"Place\"],\"@id\":\"https:\\\/\\\/hansenimoveis.com\\\/pt-br\\\/#organization\",\"name\":\"Hansen Im\u00f3veis LTDA\",\"url\":\"https:\\\/\\\/hansenimoveis.com\\\/pt-br\\\/\",\"logo\":{\"@id\":\"https:\\\/\\\/hansenimoveis.com\\\/pt-br\\\/resources\\\/documentacao-necessaria-para-alugar-um-imovel\\\/#local-main-organization-logo\"},\"image\":{\"@id\":\"https:\\\/\\\/hansenimoveis.com\\\/pt-br\\\/resources\\\/documentacao-necessaria-para-alugar-um-imovel\\\/#local-main-organization-logo\"},\"sameAs\":[\"https:\\\/\\\/www.facebook.com\\\/Hansen-Imveis-356389241069613\\\/\",\"https:\\\/\\\/www.pinterest.dk\\\/hansenimoveis\\\/\",\"https:\\\/\\\/www.youtube.com\\\/channel\\\/UCH1v_JXMzDe4Pf4-ZHMaFDg\"],\"telephone\":[],\"openingHoursSpecification\":[{\"@type\":\"OpeningHoursSpecification\",\"dayOfWeek\":[\"Monday\",\"Tuesday\",\"Wednesday\",\"Thursday\",\"Friday\",\"Saturday\",\"Sunday\"],\"opens\":\"09:00\",\"closes\":\"17:00\"}]},{\"@type\":\"ImageObject\",\"inLanguage\":\"pt-BR\",\"@id\":\"https:\\\/\\\/hansenimoveis.com\\\/pt-br\\\/resources\\\/documentacao-necessaria-para-alugar-um-imovel\\\/#local-main-organization-logo\",\"url\":\"https:\\\/\\\/hansenimoveis.com\\\/wp-content\\\/uploads\\\/2014\\\/06\\\/Hansen-logo.jpg\",\"contentUrl\":\"https:\\\/\\\/hansenimoveis.com\\\/wp-content\\\/uploads\\\/2014\\\/06\\\/Hansen-logo.jpg\",\"width\":283,\"height\":283,\"caption\":\"Hansen Im\u00f3veis LTDA\"}]}<\/script>\n<!-- \/ Yoast SEO Premium plugin. -->","yoast_head_json":{"title":"Documenta\u00e7\u00e3o necess\u00e1ria para alugar um im\u00f3vel | Hansen Im\u00f3veis","description":"A lista de documentos comuns para quem vai alugar um im\u00f3vel. Hansen Im\u00f3veis","robots":{"index":"index","follow":"follow","max-snippet":"max-snippet:-1","max-image-preview":"max-image-preview:large","max-video-preview":"max-video-preview:-1"},"canonical":"https:\/\/hansenimoveis.com\/pt-br\/resources\/documentacao-necessaria-para-alugar-um-imovel\/","og_locale":"pt_BR","og_type":"article","og_title":"Documenta\u00e7\u00e3o necess\u00e1ria para alugar um im\u00f3vel","og_description":"A lista de documentos comuns para quem vai alugar um im\u00f3vel. Hansen Im\u00f3veis","og_url":"https:\/\/hansenimoveis.com\/pt-br\/resources\/documentacao-necessaria-para-alugar-um-imovel\/","og_site_name":"Hansen Im\u00f3veis | Im\u00f3veis \u00e0 venda Lauro de Freitas, Litoral Norte e Salvador","article_publisher":"https:\/\/www.facebook.com\/Hansen-Imveis-356389241069613\/","article_modified_time":"2025-04-19T02:36:00+00:00","og_image":[{"width":830,"height":323,"url":"https:\/\/hansenimoveis.com\/wp-content\/uploads\/2014\/10\/mudanca.jpg","type":"image\/jpeg"}],"twitter_misc":{"Est. tempo de leitura":"3 minutos"},"schema":{"@context":"https:\/\/schema.org","@graph":[{"@type":"WebPage","@id":"https:\/\/hansenimoveis.com\/pt-br\/resources\/documentacao-necessaria-para-alugar-um-imovel\/","url":"https:\/\/hansenimoveis.com\/pt-br\/resources\/documentacao-necessaria-para-alugar-um-imovel\/","name":"Documenta\u00e7\u00e3o necess\u00e1ria para alugar um im\u00f3vel | Hansen Im\u00f3veis","isPartOf":{"@id":"https:\/\/hansenimoveis.com\/pt-br\/#website"},"primaryImageOfPage":{"@id":"https:\/\/hansenimoveis.com\/pt-br\/resources\/documentacao-necessaria-para-alugar-um-imovel\/#primaryimage"},"image":{"@id":"https:\/\/hansenimoveis.com\/pt-br\/resources\/documentacao-necessaria-para-alugar-um-imovel\/#primaryimage"},"thumbnailUrl":"https:\/\/hansenimoveis.com\/wp-content\/uploads\/2014\/10\/mudanca.jpg","datePublished":"2014-10-22T04:33:37+00:00","dateModified":"2025-04-19T02:36:00+00:00","description":"A lista de documentos comuns para quem vai alugar um im\u00f3vel. Hansen Im\u00f3veis","breadcrumb":{"@id":"https:\/\/hansenimoveis.com\/pt-br\/resources\/documentacao-necessaria-para-alugar-um-imovel\/#breadcrumb"},"inLanguage":"pt-BR","potentialAction":[{"@type":"ReadAction","target":["https:\/\/hansenimoveis.com\/pt-br\/resources\/documentacao-necessaria-para-alugar-um-imovel\/"]}]},{"@type":"ImageObject","inLanguage":"pt-BR","@id":"https:\/\/hansenimoveis.com\/pt-br\/resources\/documentacao-necessaria-para-alugar-um-imovel\/#primaryimage","url":"https:\/\/hansenimoveis.com\/wp-content\/uploads\/2014\/10\/mudanca.jpg","contentUrl":"https:\/\/hansenimoveis.com\/wp-content\/uploads\/2014\/10\/mudanca.jpg","width":830,"height":323,"caption":"Hansen Im\u00f3veis mudanca"},{"@type":"BreadcrumbList","@id":"https:\/\/hansenimoveis.com\/pt-br\/resources\/documentacao-necessaria-para-alugar-um-imovel\/#breadcrumb","itemListElement":[{"@type":"ListItem","position":1,"name":"In\u00edcio","item":"https:\/\/hansenimoveis.com\/pt-br\/"},{"@type":"ListItem","position":2,"name":"Resources","item":"https:\/\/hansenimoveis.com\/pt-br\/resources\/"},{"@type":"ListItem","position":3,"name":"Documenta\u00e7\u00e3o necess\u00e1ria para alugar um im\u00f3vel"}]},{"@type":"WebSite","@id":"https:\/\/hansenimoveis.com\/pt-br\/#website","url":"https:\/\/hansenimoveis.com\/pt-br\/","name":"Hansen Im\u00f3veis | Im\u00f3veis \u00e0 venda Lauro de Freitas, Litoral Norte e Salvador","description":"","publisher":{"@id":"https:\/\/hansenimoveis.com\/pt-br\/#organization"},"potentialAction":[{"@type":"SearchAction","target":{"@type":"EntryPoint","urlTemplate":"https:\/\/hansenimoveis.com\/pt-br\/?s={search_term_string}"},"query-input":{"@type":"PropertyValueSpecification","valueRequired":true,"valueName":"search_term_string"}}],"inLanguage":"pt-BR"},{"@type":["Organization","Place"],"@id":"https:\/\/hansenimoveis.com\/pt-br\/#organization","name":"Hansen Im\u00f3veis LTDA","url":"https:\/\/hansenimoveis.com\/pt-br\/","logo":{"@id":"https:\/\/hansenimoveis.com\/pt-br\/resources\/documentacao-necessaria-para-alugar-um-imovel\/#local-main-organization-logo"},"image":{"@id":"https:\/\/hansenimoveis.com\/pt-br\/resources\/documentacao-necessaria-para-alugar-um-imovel\/#local-main-organization-logo"},"sameAs":["https:\/\/www.facebook.com\/Hansen-Imveis-356389241069613\/","https:\/\/www.pinterest.dk\/hansenimoveis\/","https:\/\/www.youtube.com\/channel\/UCH1v_JXMzDe4Pf4-ZHMaFDg"],"telephone":[],"openingHoursSpecification":[{"@type":"OpeningHoursSpecification","dayOfWeek":["Monday","Tuesday","Wednesday","Thursday","Friday","Saturday","Sunday"],"opens":"09:00","closes":"17:00"}]},{"@type":"ImageObject","inLanguage":"pt-BR","@id":"https:\/\/hansenimoveis.com\/pt-br\/resources\/documentacao-necessaria-para-alugar-um-imovel\/#local-main-organization-logo","url":"https:\/\/hansenimoveis.com\/wp-content\/uploads\/2014\/06\/Hansen-logo.jpg","contentUrl":"https:\/\/hansenimoveis.com\/wp-content\/uploads\/2014\/06\/Hansen-logo.jpg","width":283,"height":283,"caption":"Hansen Im\u00f3veis LTDA"}]}},"_links":{"self":[{"href":"https:\/\/hansenimoveis.com\/pt-br\/wp-json\/wp\/v2\/pages\/59522","targetHints":{"allow":["GET"]}}],"collection":[{"href":"https:\/\/hansenimoveis.com\/pt-br\/wp-json\/wp\/v2\/pages"}],"about":[{"href":"https:\/\/hansenimoveis.com\/pt-br\/wp-json\/wp\/v2\/types\/page"}],"author":[{"embeddable":true,"href":"https:\/\/hansenimoveis.com\/pt-br\/wp-json\/wp\/v2\/users\/1"}],"replies":[{"embeddable":true,"href":"https:\/\/hansenimoveis.com\/pt-br\/wp-json\/wp\/v2\/comments?post=59522"}],"version-history":[{"count":0,"href":"https:\/\/hansenimoveis.com\/pt-br\/wp-json\/wp\/v2\/pages\/59522\/revisions"}],"up":[{"embeddable":true,"href":"https:\/\/hansenimoveis.com\/pt-br\/wp-json\/wp\/v2\/pages\/59035"}],"wp:featuredmedia":[{"embeddable":true,"href":"https:\/\/hansenimoveis.com\/pt-br\/wp-json\/wp\/v2\/media\/59526"}],"wp:attachment":[{"href":"https:\/\/hansenimoveis.com\/pt-br\/wp-json\/wp\/v2\/media?parent=59522"}],"curies":[{"name":"wp","href":"https:\/\/api.w.org\/{rel}","templated":true}]}}