{"id":58614,"date":"2014-10-16T16:05:41","date_gmt":"2014-10-16T19:05:41","guid":{"rendered":"https:\/\/hansenimoveis.com\/sell-2\/"},"modified":"2016-02-23T01:45:31","modified_gmt":"2016-02-23T04:45:31","slug":"sell","status":"publish","type":"page","link":"https:\/\/hansenimoveis.com\/pt-br\/sell\/","title":{"rendered":"Vender a sua casa"},"content":{"rendered":"<p>Vender a sua casa<\/p>\n","protected":false},"excerpt":{"rendered":"<p>Vender a sua casa<\/p>\n","protected":false},"author":1,"featured_media":0,"parent":0,"menu_order":0,"comment_status":"closed","ping_status":"closed","template":"","meta":{"footnotes":""},"class_list":["post-58614","page","type-page","status-publish","hentry"],"yoast_head":"<!-- This site is optimized with the Yoast SEO Premium plugin v27.5 (Yoast SEO v27.5) - https:\/\/yoast.com\/product\/yoast-seo-premium-wordpress\/ -->\n<title>Vender a sua casa | Hansen Im\u00f3veis<\/title>\n<meta name=\"description\" content=\"Vender a sua casa. Contacte-Hansen Im\u00f3veis. Obter uma avalia\u00e7\u00e3o GR\u00c1TIS com Hansen Im\u00f3veis..\" \/>\n<meta name=\"robots\" content=\"noindex, nofollow\" \/>\n<meta property=\"og:locale\" content=\"pt_BR\" \/>\n<meta property=\"og:type\" content=\"article\" \/>\n<meta property=\"og:title\" content=\"Vender a sua casa\" \/>\n<meta property=\"og:description\" content=\"Vender a sua casa. Contacte-Hansen Im\u00f3veis. Obter uma avalia\u00e7\u00e3o GR\u00c1TIS com Hansen Im\u00f3veis..\" \/>\n<meta property=\"og:url\" content=\"https:\/\/hansenimoveis.com\/pt-br\/sell\/\" \/>\n<meta property=\"og:site_name\" content=\"Hansen Im\u00f3veis | Im\u00f3veis \u00e0 venda Lauro de Freitas, Litoral Norte e Salvador\" \/>\n<meta property=\"article:publisher\" content=\"https:\/\/www.facebook.com\/Hansen-Imveis-356389241069613\/\" \/>\n<meta property=\"article:modified_time\" content=\"2016-02-23T04:45:31+00:00\" \/>\n<script type=\"application\/ld+json\" class=\"yoast-schema-graph\">{\"@context\":\"https:\\\/\\\/schema.org\",\"@graph\":[{\"@type\":\"WebPage\",\"@id\":\"https:\\\/\\\/hansenimoveis.com\\\/pt-br\\\/sell\\\/\",\"url\":\"https:\\\/\\\/hansenimoveis.com\\\/pt-br\\\/sell\\\/\",\"name\":\"Vender a sua casa | Hansen Im\u00f3veis\",\"isPartOf\":{\"@id\":\"https:\\\/\\\/hansenimoveis.com\\\/pt-br\\\/#website\"},\"datePublished\":\"2014-10-16T19:05:41+00:00\",\"dateModified\":\"2016-02-23T04:45:31+00:00\",\"description\":\"Vender a sua casa. Contacte-Hansen Im\u00f3veis. Obter uma avalia\u00e7\u00e3o GR\u00c1TIS com Hansen Im\u00f3veis..\",\"breadcrumb\":{\"@id\":\"https:\\\/\\\/hansenimoveis.com\\\/pt-br\\\/sell\\\/#breadcrumb\"},\"inLanguage\":\"pt-BR\",\"potentialAction\":[{\"@type\":\"ReadAction\",\"target\":[\"https:\\\/\\\/hansenimoveis.com\\\/pt-br\\\/sell\\\/\"]}]},{\"@type\":\"BreadcrumbList\",\"@id\":\"https:\\\/\\\/hansenimoveis.com\\\/pt-br\\\/sell\\\/#breadcrumb\",\"itemListElement\":[{\"@type\":\"ListItem\",\"position\":1,\"name\":\"In\u00edcio\",\"item\":\"https:\\\/\\\/hansenimoveis.com\\\/pt-br\\\/\"},{\"@type\":\"ListItem\",\"position\":2,\"name\":\"Vender a sua casa\"}]},{\"@type\":\"WebSite\",\"@id\":\"https:\\\/\\\/hansenimoveis.com\\\/pt-br\\\/#website\",\"url\":\"https:\\\/\\\/hansenimoveis.com\\\/pt-br\\\/\",\"name\":\"Hansen Im\u00f3veis | Im\u00f3veis \u00e0 venda Lauro de Freitas, Litoral Norte e Salvador\",\"description\":\"Homes for sale in Lauro de Freitas, Litoral Norte and Salvador\",\"publisher\":{\"@id\":\"https:\\\/\\\/hansenimoveis.com\\\/pt-br\\\/#organization\"},\"potentialAction\":[{\"@type\":\"SearchAction\",\"target\":{\"@type\":\"EntryPoint\",\"urlTemplate\":\"https:\\\/\\\/hansenimoveis.com\\\/pt-br\\\/?s={search_term_string}\"},\"query-input\":{\"@type\":\"PropertyValueSpecification\",\"valueRequired\":true,\"valueName\":\"search_term_string\"}}],\"inLanguage\":\"pt-BR\"},{\"@type\":[\"Organization\",\"Place\"],\"@id\":\"https:\\\/\\\/hansenimoveis.com\\\/pt-br\\\/#organization\",\"name\":\"Hansen Im\u00f3veis LTDA\",\"url\":\"https:\\\/\\\/hansenimoveis.com\\\/pt-br\\\/\",\"logo\":{\"@id\":\"https:\\\/\\\/hansenimoveis.com\\\/pt-br\\\/sell\\\/#local-main-organization-logo\"},\"image\":{\"@id\":\"https:\\\/\\\/hansenimoveis.com\\\/pt-br\\\/sell\\\/#local-main-organization-logo\"},\"sameAs\":[\"https:\\\/\\\/www.facebook.com\\\/Hansen-Imveis-356389241069613\\\/\",\"https:\\\/\\\/www.pinterest.dk\\\/hansenimoveis\\\/\",\"https:\\\/\\\/www.youtube.com\\\/channel\\\/UCH1v_JXMzDe4Pf4-ZHMaFDg\"],\"telephone\":[],\"openingHoursSpecification\":[{\"@type\":\"OpeningHoursSpecification\",\"dayOfWeek\":[\"Monday\",\"Tuesday\",\"Wednesday\",\"Thursday\",\"Friday\",\"Saturday\",\"Sunday\"],\"opens\":\"09:00\",\"closes\":\"17:00\"}]},{\"@type\":\"ImageObject\",\"inLanguage\":\"pt-BR\",\"@id\":\"https:\\\/\\\/hansenimoveis.com\\\/pt-br\\\/sell\\\/#local-main-organization-logo\",\"url\":\"https:\\\/\\\/hansenimoveis.com\\\/wp-content\\\/uploads\\\/2014\\\/06\\\/Hansen-logo.jpg\",\"contentUrl\":\"https:\\\/\\\/hansenimoveis.com\\\/wp-content\\\/uploads\\\/2014\\\/06\\\/Hansen-logo.jpg\",\"width\":283,\"height\":283,\"caption\":\"Hansen Im\u00f3veis LTDA\"}]}<\/script>\n<!-- \/ Yoast SEO Premium plugin. -->","yoast_head_json":{"title":"Vender a sua casa | Hansen Im\u00f3veis","description":"Vender a sua casa. Contacte-Hansen Im\u00f3veis. Obter uma avalia\u00e7\u00e3o GR\u00c1TIS com Hansen Im\u00f3veis..","robots":{"index":"noindex","follow":"nofollow"},"og_locale":"pt_BR","og_type":"article","og_title":"Vender a sua casa","og_description":"Vender a sua casa. Contacte-Hansen Im\u00f3veis. Obter uma avalia\u00e7\u00e3o GR\u00c1TIS com Hansen Im\u00f3veis..","og_url":"https:\/\/hansenimoveis.com\/pt-br\/sell\/","og_site_name":"Hansen Im\u00f3veis | Im\u00f3veis \u00e0 venda Lauro de Freitas, Litoral Norte e Salvador","article_publisher":"https:\/\/www.facebook.com\/Hansen-Imveis-356389241069613\/","article_modified_time":"2016-02-23T04:45:31+00:00","schema":{"@context":"https:\/\/schema.org","@graph":[{"@type":"WebPage","@id":"https:\/\/hansenimoveis.com\/pt-br\/sell\/","url":"https:\/\/hansenimoveis.com\/pt-br\/sell\/","name":"Vender a sua casa | Hansen Im\u00f3veis","isPartOf":{"@id":"https:\/\/hansenimoveis.com\/pt-br\/#website"},"datePublished":"2014-10-16T19:05:41+00:00","dateModified":"2016-02-23T04:45:31+00:00","description":"Vender a sua casa. Contacte-Hansen Im\u00f3veis. Obter uma avalia\u00e7\u00e3o GR\u00c1TIS com Hansen Im\u00f3veis..","breadcrumb":{"@id":"https:\/\/hansenimoveis.com\/pt-br\/sell\/#breadcrumb"},"inLanguage":"pt-BR","potentialAction":[{"@type":"ReadAction","target":["https:\/\/hansenimoveis.com\/pt-br\/sell\/"]}]},{"@type":"BreadcrumbList","@id":"https:\/\/hansenimoveis.com\/pt-br\/sell\/#breadcrumb","itemListElement":[{"@type":"ListItem","position":1,"name":"In\u00edcio","item":"https:\/\/hansenimoveis.com\/pt-br\/"},{"@type":"ListItem","position":2,"name":"Vender a sua casa"}]},{"@type":"WebSite","@id":"https:\/\/hansenimoveis.com\/pt-br\/#website","url":"https:\/\/hansenimoveis.com\/pt-br\/","name":"Hansen Im\u00f3veis | Im\u00f3veis \u00e0 venda Lauro de Freitas, Litoral Norte e Salvador","description":"Homes for sale in Lauro de Freitas, Litoral Norte and Salvador","publisher":{"@id":"https:\/\/hansenimoveis.com\/pt-br\/#organization"},"potentialAction":[{"@type":"SearchAction","target":{"@type":"EntryPoint","urlTemplate":"https:\/\/hansenimoveis.com\/pt-br\/?s={search_term_string}"},"query-input":{"@type":"PropertyValueSpecification","valueRequired":true,"valueName":"search_term_string"}}],"inLanguage":"pt-BR"},{"@type":["Organization","Place"],"@id":"https:\/\/hansenimoveis.com\/pt-br\/#organization","name":"Hansen Im\u00f3veis LTDA","url":"https:\/\/hansenimoveis.com\/pt-br\/","logo":{"@id":"https:\/\/hansenimoveis.com\/pt-br\/sell\/#local-main-organization-logo"},"image":{"@id":"https:\/\/hansenimoveis.com\/pt-br\/sell\/#local-main-organization-logo"},"sameAs":["https:\/\/www.facebook.com\/Hansen-Imveis-356389241069613\/","https:\/\/www.pinterest.dk\/hansenimoveis\/","https:\/\/www.youtube.com\/channel\/UCH1v_JXMzDe4Pf4-ZHMaFDg"],"telephone":[],"openingHoursSpecification":[{"@type":"OpeningHoursSpecification","dayOfWeek":["Monday","Tuesday","Wednesday","Thursday","Friday","Saturday","Sunday"],"opens":"09:00","closes":"17:00"}]},{"@type":"ImageObject","inLanguage":"pt-BR","@id":"https:\/\/hansenimoveis.com\/pt-br\/sell\/#local-main-organization-logo","url":"https:\/\/hansenimoveis.com\/wp-content\/uploads\/2014\/06\/Hansen-logo.jpg","contentUrl":"https:\/\/hansenimoveis.com\/wp-content\/uploads\/2014\/06\/Hansen-logo.jpg","width":283,"height":283,"caption":"Hansen Im\u00f3veis LTDA"}]}},"_links":{"self":[{"href":"https:\/\/hansenimoveis.com\/pt-br\/wp-json\/wp\/v2\/pages\/58614","targetHints":{"allow":["GET"]}}],"collection":[{"href":"https:\/\/hansenimoveis.com\/pt-br\/wp-json\/wp\/v2\/pages"}],"about":[{"href":"https:\/\/hansenimoveis.com\/pt-br\/wp-json\/wp\/v2\/types\/page"}],"author":[{"embeddable":true,"href":"https:\/\/hansenimoveis.com\/pt-br\/wp-json\/wp\/v2\/users\/1"}],"replies":[{"embeddable":true,"href":"https:\/\/hansenimoveis.com\/pt-br\/wp-json\/wp\/v2\/comments?post=58614"}],"version-history":[{"count":0,"href":"https:\/\/hansenimoveis.com\/pt-br\/wp-json\/wp\/v2\/pages\/58614\/revisions"}],"wp:attachment":[{"href":"https:\/\/hansenimoveis.com\/pt-br\/wp-json\/wp\/v2\/media?parent=58614"}],"curies":[{"name":"wp","href":"https:\/\/api.w.org\/{rel}","templated":true}]}}