{"id":2003,"date":"2013-08-03T23:46:19","date_gmt":"2013-08-04T02:46:19","guid":{"rendered":"https:\/\/hansenimoveis.com\/property-search-2\/"},"modified":"2025-11-11T06:35:40","modified_gmt":"2025-11-11T09:35:40","slug":"pesquisa-de-imoveis","status":"publish","type":"page","link":"https:\/\/hansenimoveis.com\/pt-br\/pesquisa-de-imoveis\/","title":{"rendered":"Buscar"},"content":{"rendered":"","protected":false},"excerpt":{"rendered":"","protected":false},"author":1,"featured_media":0,"parent":0,"menu_order":171,"comment_status":"closed","ping_status":"closed","template":"templates\/properties-search.php","meta":{"footnotes":""},"class_list":["post-2003","page","type-page","status-publish","hentry"],"yoast_head":"<!-- This site is optimized with the Yoast SEO Premium plugin v27.3 (Yoast SEO v27.3) - https:\/\/yoast.com\/product\/yoast-seo-premium-wordpress\/ -->\n<title>Pesquisa de Im\u00f3veis | Hansen Im\u00f3veis<\/title>\n<meta name=\"description\" content=\"Encontre a sua casa nova com Hansen Im\u00f3veis. Aqui voc\u00ea encontra os melhores om\u00f3veis in Lauro de Freitas, Salvador e Litoral norte.\" \/>\n<meta name=\"robots\" content=\"index, follow, max-snippet:-1, max-image-preview:large, max-video-preview:-1\" \/>\n<link rel=\"canonical\" href=\"https:\/\/hansenimoveis.com\/pt-br\/pesquisa-de-imoveis\/\" \/>\n<meta property=\"og:locale\" content=\"pt_BR\" \/>\n<meta property=\"og:type\" content=\"article\" \/>\n<meta property=\"og:title\" content=\"Buscar\" \/>\n<meta property=\"og:description\" content=\"Encontre a sua casa nova com Hansen Im\u00f3veis. Aqui voc\u00ea encontra os melhores om\u00f3veis in Lauro de Freitas, Salvador e Litoral norte.\" \/>\n<meta property=\"og:url\" content=\"https:\/\/hansenimoveis.com\/pt-br\/pesquisa-de-imoveis\/\" \/>\n<meta property=\"og:site_name\" content=\"Hansen Im\u00f3veis | Im\u00f3veis \u00e0 venda Lauro de Freitas, Litoral Norte e Salvador\" \/>\n<meta property=\"article:publisher\" content=\"https:\/\/www.facebook.com\/Hansen-Imveis-356389241069613\/\" \/>\n<meta property=\"article:modified_time\" content=\"2025-11-11T09:35:40+00:00\" \/>\n<script type=\"application\/ld+json\" class=\"yoast-schema-graph\">{\"@context\":\"https:\\\/\\\/schema.org\",\"@graph\":[{\"@type\":\"WebPage\",\"@id\":\"https:\\\/\\\/hansenimoveis.com\\\/pt-br\\\/pesquisa-de-imoveis\\\/\",\"url\":\"https:\\\/\\\/hansenimoveis.com\\\/pt-br\\\/pesquisa-de-imoveis\\\/\",\"name\":\"Pesquisa de Im\u00f3veis | Hansen Im\u00f3veis\",\"isPartOf\":{\"@id\":\"https:\\\/\\\/hansenimoveis.com\\\/pt-br\\\/#website\"},\"datePublished\":\"2013-08-04T02:46:19+00:00\",\"dateModified\":\"2025-11-11T09:35:40+00:00\",\"description\":\"Encontre a sua casa nova com Hansen Im\u00f3veis. Aqui voc\u00ea encontra os melhores om\u00f3veis in Lauro de Freitas, Salvador e Litoral norte.\",\"breadcrumb\":{\"@id\":\"https:\\\/\\\/hansenimoveis.com\\\/pt-br\\\/pesquisa-de-imoveis\\\/#breadcrumb\"},\"inLanguage\":\"pt-BR\",\"potentialAction\":[{\"@type\":\"ReadAction\",\"target\":[\"https:\\\/\\\/hansenimoveis.com\\\/pt-br\\\/pesquisa-de-imoveis\\\/\"]}]},{\"@type\":\"BreadcrumbList\",\"@id\":\"https:\\\/\\\/hansenimoveis.com\\\/pt-br\\\/pesquisa-de-imoveis\\\/#breadcrumb\",\"itemListElement\":[{\"@type\":\"ListItem\",\"position\":1,\"name\":\"In\u00edcio\",\"item\":\"https:\\\/\\\/hansenimoveis.com\\\/pt-br\\\/\"},{\"@type\":\"ListItem\",\"position\":2,\"name\":\"Buscar\"}]},{\"@type\":\"WebSite\",\"@id\":\"https:\\\/\\\/hansenimoveis.com\\\/pt-br\\\/#website\",\"url\":\"https:\\\/\\\/hansenimoveis.com\\\/pt-br\\\/\",\"name\":\"Hansen Im\u00f3veis | Im\u00f3veis \u00e0 venda Lauro de Freitas, Litoral Norte e Salvador\",\"description\":\"\",\"publisher\":{\"@id\":\"https:\\\/\\\/hansenimoveis.com\\\/pt-br\\\/#organization\"},\"potentialAction\":[{\"@type\":\"SearchAction\",\"target\":{\"@type\":\"EntryPoint\",\"urlTemplate\":\"https:\\\/\\\/hansenimoveis.com\\\/pt-br\\\/?s={search_term_string}\"},\"query-input\":{\"@type\":\"PropertyValueSpecification\",\"valueRequired\":true,\"valueName\":\"search_term_string\"}}],\"inLanguage\":\"pt-BR\"},{\"@type\":[\"Organization\",\"Place\"],\"@id\":\"https:\\\/\\\/hansenimoveis.com\\\/pt-br\\\/#organization\",\"name\":\"Hansen Im\u00f3veis LTDA\",\"url\":\"https:\\\/\\\/hansenimoveis.com\\\/pt-br\\\/\",\"logo\":{\"@id\":\"https:\\\/\\\/hansenimoveis.com\\\/pt-br\\\/pesquisa-de-imoveis\\\/#local-main-organization-logo\"},\"image\":{\"@id\":\"https:\\\/\\\/hansenimoveis.com\\\/pt-br\\\/pesquisa-de-imoveis\\\/#local-main-organization-logo\"},\"sameAs\":[\"https:\\\/\\\/www.facebook.com\\\/Hansen-Imveis-356389241069613\\\/\",\"https:\\\/\\\/www.pinterest.dk\\\/hansenimoveis\\\/\",\"https:\\\/\\\/www.youtube.com\\\/channel\\\/UCH1v_JXMzDe4Pf4-ZHMaFDg\"],\"telephone\":[],\"openingHoursSpecification\":[{\"@type\":\"OpeningHoursSpecification\",\"dayOfWeek\":[\"Monday\",\"Tuesday\",\"Wednesday\",\"Thursday\",\"Friday\",\"Saturday\",\"Sunday\"],\"opens\":\"09:00\",\"closes\":\"17:00\"}]},{\"@type\":\"ImageObject\",\"inLanguage\":\"pt-BR\",\"@id\":\"https:\\\/\\\/hansenimoveis.com\\\/pt-br\\\/pesquisa-de-imoveis\\\/#local-main-organization-logo\",\"url\":\"https:\\\/\\\/hansenimoveis.com\\\/wp-content\\\/uploads\\\/2014\\\/06\\\/Hansen-logo.jpg\",\"contentUrl\":\"https:\\\/\\\/hansenimoveis.com\\\/wp-content\\\/uploads\\\/2014\\\/06\\\/Hansen-logo.jpg\",\"width\":283,\"height\":283,\"caption\":\"Hansen Im\u00f3veis LTDA\"}]}<\/script>\n<!-- \/ Yoast SEO Premium plugin. -->","yoast_head_json":{"title":"Pesquisa de Im\u00f3veis | Hansen Im\u00f3veis","description":"Encontre a sua casa nova com Hansen Im\u00f3veis. Aqui voc\u00ea encontra os melhores om\u00f3veis in Lauro de Freitas, Salvador e Litoral norte.","robots":{"index":"index","follow":"follow","max-snippet":"max-snippet:-1","max-image-preview":"max-image-preview:large","max-video-preview":"max-video-preview:-1"},"canonical":"https:\/\/hansenimoveis.com\/pt-br\/pesquisa-de-imoveis\/","og_locale":"pt_BR","og_type":"article","og_title":"Buscar","og_description":"Encontre a sua casa nova com Hansen Im\u00f3veis. Aqui voc\u00ea encontra os melhores om\u00f3veis in Lauro de Freitas, Salvador e Litoral norte.","og_url":"https:\/\/hansenimoveis.com\/pt-br\/pesquisa-de-imoveis\/","og_site_name":"Hansen Im\u00f3veis | Im\u00f3veis \u00e0 venda Lauro de Freitas, Litoral Norte e Salvador","article_publisher":"https:\/\/www.facebook.com\/Hansen-Imveis-356389241069613\/","article_modified_time":"2025-11-11T09:35:40+00:00","schema":{"@context":"https:\/\/schema.org","@graph":[{"@type":"WebPage","@id":"https:\/\/hansenimoveis.com\/pt-br\/pesquisa-de-imoveis\/","url":"https:\/\/hansenimoveis.com\/pt-br\/pesquisa-de-imoveis\/","name":"Pesquisa de Im\u00f3veis | Hansen Im\u00f3veis","isPartOf":{"@id":"https:\/\/hansenimoveis.com\/pt-br\/#website"},"datePublished":"2013-08-04T02:46:19+00:00","dateModified":"2025-11-11T09:35:40+00:00","description":"Encontre a sua casa nova com Hansen Im\u00f3veis. Aqui voc\u00ea encontra os melhores om\u00f3veis in Lauro de Freitas, Salvador e Litoral norte.","breadcrumb":{"@id":"https:\/\/hansenimoveis.com\/pt-br\/pesquisa-de-imoveis\/#breadcrumb"},"inLanguage":"pt-BR","potentialAction":[{"@type":"ReadAction","target":["https:\/\/hansenimoveis.com\/pt-br\/pesquisa-de-imoveis\/"]}]},{"@type":"BreadcrumbList","@id":"https:\/\/hansenimoveis.com\/pt-br\/pesquisa-de-imoveis\/#breadcrumb","itemListElement":[{"@type":"ListItem","position":1,"name":"In\u00edcio","item":"https:\/\/hansenimoveis.com\/pt-br\/"},{"@type":"ListItem","position":2,"name":"Buscar"}]},{"@type":"WebSite","@id":"https:\/\/hansenimoveis.com\/pt-br\/#website","url":"https:\/\/hansenimoveis.com\/pt-br\/","name":"Hansen Im\u00f3veis | Im\u00f3veis \u00e0 venda Lauro de Freitas, Litoral Norte e Salvador","description":"","publisher":{"@id":"https:\/\/hansenimoveis.com\/pt-br\/#organization"},"potentialAction":[{"@type":"SearchAction","target":{"@type":"EntryPoint","urlTemplate":"https:\/\/hansenimoveis.com\/pt-br\/?s={search_term_string}"},"query-input":{"@type":"PropertyValueSpecification","valueRequired":true,"valueName":"search_term_string"}}],"inLanguage":"pt-BR"},{"@type":["Organization","Place"],"@id":"https:\/\/hansenimoveis.com\/pt-br\/#organization","name":"Hansen Im\u00f3veis LTDA","url":"https:\/\/hansenimoveis.com\/pt-br\/","logo":{"@id":"https:\/\/hansenimoveis.com\/pt-br\/pesquisa-de-imoveis\/#local-main-organization-logo"},"image":{"@id":"https:\/\/hansenimoveis.com\/pt-br\/pesquisa-de-imoveis\/#local-main-organization-logo"},"sameAs":["https:\/\/www.facebook.com\/Hansen-Imveis-356389241069613\/","https:\/\/www.pinterest.dk\/hansenimoveis\/","https:\/\/www.youtube.com\/channel\/UCH1v_JXMzDe4Pf4-ZHMaFDg"],"telephone":[],"openingHoursSpecification":[{"@type":"OpeningHoursSpecification","dayOfWeek":["Monday","Tuesday","Wednesday","Thursday","Friday","Saturday","Sunday"],"opens":"09:00","closes":"17:00"}]},{"@type":"ImageObject","inLanguage":"pt-BR","@id":"https:\/\/hansenimoveis.com\/pt-br\/pesquisa-de-imoveis\/#local-main-organization-logo","url":"https:\/\/hansenimoveis.com\/wp-content\/uploads\/2014\/06\/Hansen-logo.jpg","contentUrl":"https:\/\/hansenimoveis.com\/wp-content\/uploads\/2014\/06\/Hansen-logo.jpg","width":283,"height":283,"caption":"Hansen Im\u00f3veis LTDA"}]}},"_links":{"self":[{"href":"https:\/\/hansenimoveis.com\/pt-br\/wp-json\/wp\/v2\/pages\/2003","targetHints":{"allow":["GET"]}}],"collection":[{"href":"https:\/\/hansenimoveis.com\/pt-br\/wp-json\/wp\/v2\/pages"}],"about":[{"href":"https:\/\/hansenimoveis.com\/pt-br\/wp-json\/wp\/v2\/types\/page"}],"author":[{"embeddable":true,"href":"https:\/\/hansenimoveis.com\/pt-br\/wp-json\/wp\/v2\/users\/1"}],"replies":[{"embeddable":true,"href":"https:\/\/hansenimoveis.com\/pt-br\/wp-json\/wp\/v2\/comments?post=2003"}],"version-history":[{"count":0,"href":"https:\/\/hansenimoveis.com\/pt-br\/wp-json\/wp\/v2\/pages\/2003\/revisions"}],"wp:attachment":[{"href":"https:\/\/hansenimoveis.com\/pt-br\/wp-json\/wp\/v2\/media?parent=2003"}],"curies":[{"name":"wp","href":"https:\/\/api.w.org\/{rel}","templated":true}]}}