{"id":59605,"date":"2014-10-21T18:37:45","date_gmt":"2014-10-21T21:37:45","guid":{"rendered":"https:\/\/hansenimoveis.com\/resources\/documentacao-necessaria-para-realizar-um-financiamento\/"},"modified":"2025-04-19T00:06:53","modified_gmt":"2025-04-19T03:06:53","slug":"documentazione-necessaria-per-condurre-un-brasile-finanziamento","status":"publish","type":"page","link":"https:\/\/hansenimoveis.com\/it\/resources\/documentazione-necessaria-per-condurre-un-brasile-finanziamento\/","title":{"rendered":"Documentazione necessaria per condurre un Brasile finanziamento"},"content":{"rendered":"<h1>Documentazione necessaria per condurre un Brasile finanziamento<\/h1>\n<p>Esecuzione di finanziamento<\/p>\n<p>Se avete acquistato immobili nella pianta, ci sar\u00e0 un momento in cui \u00e8 necessario per finanziare il debitore di ricevere il saldo chiavi. E dopo aver scelto la banca dove potrete effettuare il finanziamento, la sua lettera di credito dovrebbe uscire tra 15 o 60 giorni. Tutto dipende l&#8217;agilit\u00e0 del processo e le approvazioni da parte della banca. C&#8217;\u00e8 una parte della approvazione del credito e altri finanziamenti contraenti.<\/p>\n<h3>La concessione del credito<\/h3>\n<ul>\n<li>Simulare almeno tre banche, tra cui quello che sei titolare. I dati alla mano mostrano il valore che pu\u00f2 essere finanziato<\/li>\n<li>Contattare un&#8217;agenzia di approvare l&#8217;assunzione di credito e di finanziamento<\/li>\n<li>La banca chiede inizialmente alcuni documenti per dimostrare reddito, come buste paga, la storia della carta di credito, la prova di altri investimenti<\/li>\n<li>Gli assegni bancari se non vi \u00e8 alcun impedimento a istituzioni finanziarie come Credit Protection Service (CPS), Serasa e Sistema Informativo della Banca Centrale (Sisbacen)<\/li>\n<\/ul>\n<h2>Approvvigionamento di finanziamento<\/h2>\n<ul>\n<li>Senza alcun ostacolo, documentazione su l&#8217;acquirente, il venditore e la propriet\u00e0 viene consegnato l&#8217;analisi della banca<\/li>\n<li>La propriet\u00e0 \u00e8 valutata dal tecnico accreditati banca per determinare il valore di acquisto e di vendita. La valutazione \u00e8 pagato dal compratore<\/li>\n<li>Documenti approvati, i contratti sono redatti e firmati dall&#8217;agenzia banca del compratore<\/li>\n<li>L&#8217;acquirente prende contratti per il Registro della Propriet\u00e0 e poi alla banca, se registrato<\/li>\n<li>Registrato con il contratto, la banca rilascia i soldi al venditore della propriet\u00e0. Il compratore paga la prima rata dopo 30 giorni.<\/li>\n<\/ul>\n<h3 style=\"text-align: left;\">Documentazione finanziamenti necessari per assumere<\/h3>\n<p style=\"text-align: left;\">I documenti di sollecitazione possono variare tra le banche. Ma in generale sono obbligatori<\/p>\n<h3>Per approvare il credito<\/h3>\n<ul>\n<li>RG<\/li>\n<li>CPF<\/li>\n<li>Prova di reddito, come la professione<\/li>\n<li>Prova della corrente di stato civile<\/li>\n<\/ul>\n<h3>Per il singolo venditore<\/h3>\n<ul>\n<li>RG<\/li>\n<li>CPF<\/li>\n<li>Prova di residenza<\/li>\n<li>Prova della corrente di stato civile<\/li>\n<li>Certificato congiunto dei debiti sulle tasse federali<\/li>\n<\/ul>\n<h3>Per seller aziendale<\/h3>\n<ul>\n<li>CNPJ<\/li>\n<li>Company Ltd &#8211; Contratto e cambiamenti sociali, se del caso, registrato, originale e copia<\/li>\n<li>Ditta individuale &#8211; atto costitutivo della ditta individuale e modifiche, se del caso, registrato, originale e copia<\/li>\n<li>Anonymous Society &#8211; sociale e verbale dell&#8217;ultima elezione Consiglio di stato, e la copia originale<\/li>\n<li>Semplificata Consiglio Certificato del Commercio, e opportuno<\/li>\n<li>CRF giorni &#8211; fornito da Box<\/li>\n<li>Avvocato per atto pubblico, venditore o cedente, come il caso<\/li>\n<li>Indicazione di conto corrente per ricevere il credito<\/li>\n<\/ul>\n<h2>I documenti di propriet\u00e0<\/h2>\n<ul>\n<li>Aggiornato di registrazione e non privilegi fiscali e azioni esecutive del debito o di propriet\u00e0 di un bene<\/li>\n<li>Copia di un contratto di acquisto e vendita<\/li>\n<li>Si consiglia una prova di nessun condominio debito, se necessario<\/li>\n<li>Le tasse di propriet\u00e0 (idem)<\/li>\n<li>Valorizzazione del bene ricevuto dall&#8217;agente finanziario accreditato ingegnere<\/li>\n<\/ul>\n<h3>Il compratore di assumere il finanziamento individuale<\/h3>\n<ul>\n<li>RG<\/li>\n<li>CPF<\/li>\n<li>Prova di residenza<\/li>\n<li>Prova della corrente di stato civile<\/li>\n<li>Certificato congiunto dei debiti sulle tasse federali<\/li>\n<\/ul>\n","protected":false},"excerpt":{"rendered":"<p>Documentazione necessaria per condurre un Brasile finanziamento Esecuzione di finanziamento Se avete acquistato immobili nella pianta, ci sar\u00e0 un momento in cui \u00e8 necessario per finanziare il debitore di ricevere il saldo chiavi. E dopo aver scelto la banca dove potrete effettuare il finanziamento, la sua lettera di credito dovrebbe uscire tra 15 o 60&#8230;<\/p>\n","protected":false},"author":1,"featured_media":59394,"parent":59033,"menu_order":0,"comment_status":"closed","ping_status":"closed","template":"","meta":{"footnotes":""},"class_list":["post-59605","page","type-page","status-publish","has-post-thumbnail","hentry"],"yoast_head":"<!-- This site is optimized with the Yoast SEO Premium plugin v27.3 (Yoast SEO v27.3) - https:\/\/yoast.com\/product\/yoast-seo-premium-wordpress\/ -->\n<title>Documentazione necessaria per condurre un Brasile finanziamento<\/title>\n<meta name=\"description\" content=\"L&#039;elenco dei documenti per eseguire un finanziamento comune. Hansen Im\u00f3veis\" \/>\n<meta name=\"robots\" content=\"index, follow, max-snippet:-1, max-image-preview:large, max-video-preview:-1\" \/>\n<link rel=\"canonical\" href=\"https:\/\/hansenimoveis.com\/it\/resources\/documentazione-necessaria-per-condurre-un-brasile-finanziamento\/\" \/>\n<meta property=\"og:locale\" content=\"it_IT\" \/>\n<meta property=\"og:type\" content=\"article\" \/>\n<meta property=\"og:title\" content=\"Documentazione necessaria per condurre un Brasile finanziamento\" \/>\n<meta property=\"og:description\" content=\"L&#039;elenco dei documenti per eseguire un finanziamento comune. Hansen Im\u00f3veis\" \/>\n<meta property=\"og:url\" content=\"https:\/\/hansenimoveis.com\/it\/resources\/documentazione-necessaria-per-condurre-un-brasile-finanziamento\/\" \/>\n<meta property=\"og:site_name\" content=\"Hansen Im\u00f3veis | Case in vendita Lauro de Freitas, Litoral Norte e Salvador\" \/>\n<meta property=\"article:publisher\" content=\"https:\/\/www.facebook.com\/Hansen-Imveis-356389241069613\/\" \/>\n<meta property=\"article:modified_time\" content=\"2025-04-19T03:06:53+00:00\" \/>\n<meta property=\"og:image\" content=\"https:\/\/hansenimoveis.com\/wp-content\/uploads\/2014\/10\/documentos.jpg\" \/>\n\t<meta property=\"og:image:width\" content=\"830\" \/>\n\t<meta property=\"og:image:height\" content=\"323\" \/>\n\t<meta property=\"og:image:type\" content=\"image\/jpeg\" \/>\n<meta name=\"twitter:label1\" content=\"Tempo di lettura stimato\" \/>\n\t<meta name=\"twitter:data1\" content=\"3 minuti\" \/>\n<script type=\"application\/ld+json\" class=\"yoast-schema-graph\">{\"@context\":\"https:\\\/\\\/schema.org\",\"@graph\":[{\"@type\":\"WebPage\",\"@id\":\"https:\\\/\\\/hansenimoveis.com\\\/it\\\/resources\\\/documentazione-necessaria-per-condurre-un-brasile-finanziamento\\\/\",\"url\":\"https:\\\/\\\/hansenimoveis.com\\\/it\\\/resources\\\/documentazione-necessaria-per-condurre-un-brasile-finanziamento\\\/\",\"name\":\"Documentazione necessaria per condurre un Brasile finanziamento\",\"isPartOf\":{\"@id\":\"https:\\\/\\\/hansenimoveis.com\\\/it\\\/#website\"},\"primaryImageOfPage\":{\"@id\":\"https:\\\/\\\/hansenimoveis.com\\\/it\\\/resources\\\/documentazione-necessaria-per-condurre-un-brasile-finanziamento\\\/#primaryimage\"},\"image\":{\"@id\":\"https:\\\/\\\/hansenimoveis.com\\\/it\\\/resources\\\/documentazione-necessaria-per-condurre-un-brasile-finanziamento\\\/#primaryimage\"},\"thumbnailUrl\":\"https:\\\/\\\/hansenimoveis.com\\\/wp-content\\\/uploads\\\/2014\\\/10\\\/documentos.jpg\",\"datePublished\":\"2014-10-21T21:37:45+00:00\",\"dateModified\":\"2025-04-19T03:06:53+00:00\",\"description\":\"L'elenco dei documenti per eseguire un finanziamento comune. Hansen Im\u00f3veis\",\"breadcrumb\":{\"@id\":\"https:\\\/\\\/hansenimoveis.com\\\/it\\\/resources\\\/documentazione-necessaria-per-condurre-un-brasile-finanziamento\\\/#breadcrumb\"},\"inLanguage\":\"it-IT\",\"potentialAction\":[{\"@type\":\"ReadAction\",\"target\":[\"https:\\\/\\\/hansenimoveis.com\\\/it\\\/resources\\\/documentazione-necessaria-per-condurre-un-brasile-finanziamento\\\/\"]}]},{\"@type\":\"ImageObject\",\"inLanguage\":\"it-IT\",\"@id\":\"https:\\\/\\\/hansenimoveis.com\\\/it\\\/resources\\\/documentazione-necessaria-per-condurre-un-brasile-finanziamento\\\/#primaryimage\",\"url\":\"https:\\\/\\\/hansenimoveis.com\\\/wp-content\\\/uploads\\\/2014\\\/10\\\/documentos.jpg\",\"contentUrl\":\"https:\\\/\\\/hansenimoveis.com\\\/wp-content\\\/uploads\\\/2014\\\/10\\\/documentos.jpg\",\"width\":830,\"height\":323},{\"@type\":\"BreadcrumbList\",\"@id\":\"https:\\\/\\\/hansenimoveis.com\\\/it\\\/resources\\\/documentazione-necessaria-per-condurre-un-brasile-finanziamento\\\/#breadcrumb\",\"itemListElement\":[{\"@type\":\"ListItem\",\"position\":1,\"name\":\"In\u00edcio\",\"item\":\"https:\\\/\\\/hansenimoveis.com\\\/it\\\/\"},{\"@type\":\"ListItem\",\"position\":2,\"name\":\"Resources\",\"item\":\"https:\\\/\\\/hansenimoveis.com\\\/it\\\/resources\\\/\"},{\"@type\":\"ListItem\",\"position\":3,\"name\":\"Documentazione necessaria per condurre un Brasile finanziamento\"}]},{\"@type\":\"WebSite\",\"@id\":\"https:\\\/\\\/hansenimoveis.com\\\/it\\\/#website\",\"url\":\"https:\\\/\\\/hansenimoveis.com\\\/it\\\/\",\"name\":\"Hansen Im\u00f3veis | Case in vendita Lauro de Freitas, Litoral Norte e Salvador\",\"description\":\"\",\"publisher\":{\"@id\":\"https:\\\/\\\/hansenimoveis.com\\\/it\\\/#organization\"},\"potentialAction\":[{\"@type\":\"SearchAction\",\"target\":{\"@type\":\"EntryPoint\",\"urlTemplate\":\"https:\\\/\\\/hansenimoveis.com\\\/it\\\/?s={search_term_string}\"},\"query-input\":{\"@type\":\"PropertyValueSpecification\",\"valueRequired\":true,\"valueName\":\"search_term_string\"}}],\"inLanguage\":\"it-IT\"},{\"@type\":[\"Organization\",\"Place\"],\"@id\":\"https:\\\/\\\/hansenimoveis.com\\\/it\\\/#organization\",\"name\":\"Hansen Im\u00f3veis LTDA\",\"url\":\"https:\\\/\\\/hansenimoveis.com\\\/it\\\/\",\"logo\":{\"@id\":\"https:\\\/\\\/hansenimoveis.com\\\/it\\\/resources\\\/documentazione-necessaria-per-condurre-un-brasile-finanziamento\\\/#local-main-organization-logo\"},\"image\":{\"@id\":\"https:\\\/\\\/hansenimoveis.com\\\/it\\\/resources\\\/documentazione-necessaria-per-condurre-un-brasile-finanziamento\\\/#local-main-organization-logo\"},\"sameAs\":[\"https:\\\/\\\/www.facebook.com\\\/Hansen-Imveis-356389241069613\\\/\",\"https:\\\/\\\/www.pinterest.dk\\\/hansenimoveis\\\/\",\"https:\\\/\\\/www.youtube.com\\\/channel\\\/UCH1v_JXMzDe4Pf4-ZHMaFDg\"],\"telephone\":[],\"openingHoursSpecification\":[{\"@type\":\"OpeningHoursSpecification\",\"dayOfWeek\":[\"Monday\",\"Tuesday\",\"Wednesday\",\"Thursday\",\"Friday\",\"Saturday\",\"Sunday\"],\"opens\":\"09:00\",\"closes\":\"17:00\"}]},{\"@type\":\"ImageObject\",\"inLanguage\":\"it-IT\",\"@id\":\"https:\\\/\\\/hansenimoveis.com\\\/it\\\/resources\\\/documentazione-necessaria-per-condurre-un-brasile-finanziamento\\\/#local-main-organization-logo\",\"url\":\"https:\\\/\\\/hansenimoveis.com\\\/wp-content\\\/uploads\\\/2014\\\/06\\\/Hansen-logo.jpg\",\"contentUrl\":\"https:\\\/\\\/hansenimoveis.com\\\/wp-content\\\/uploads\\\/2014\\\/06\\\/Hansen-logo.jpg\",\"width\":283,\"height\":283,\"caption\":\"Hansen Im\u00f3veis LTDA\"}]}<\/script>\n<!-- \/ Yoast SEO Premium plugin. -->","yoast_head_json":{"title":"Documentazione necessaria per condurre un Brasile finanziamento","description":"L'elenco dei documenti per eseguire un finanziamento comune. Hansen Im\u00f3veis","robots":{"index":"index","follow":"follow","max-snippet":"max-snippet:-1","max-image-preview":"max-image-preview:large","max-video-preview":"max-video-preview:-1"},"canonical":"https:\/\/hansenimoveis.com\/it\/resources\/documentazione-necessaria-per-condurre-un-brasile-finanziamento\/","og_locale":"it_IT","og_type":"article","og_title":"Documentazione necessaria per condurre un Brasile finanziamento","og_description":"L'elenco dei documenti per eseguire un finanziamento comune. Hansen Im\u00f3veis","og_url":"https:\/\/hansenimoveis.com\/it\/resources\/documentazione-necessaria-per-condurre-un-brasile-finanziamento\/","og_site_name":"Hansen Im\u00f3veis | Case in vendita Lauro de Freitas, Litoral Norte e Salvador","article_publisher":"https:\/\/www.facebook.com\/Hansen-Imveis-356389241069613\/","article_modified_time":"2025-04-19T03:06:53+00:00","og_image":[{"width":830,"height":323,"url":"https:\/\/hansenimoveis.com\/wp-content\/uploads\/2014\/10\/documentos.jpg","type":"image\/jpeg"}],"twitter_misc":{"Tempo di lettura stimato":"3 minuti"},"schema":{"@context":"https:\/\/schema.org","@graph":[{"@type":"WebPage","@id":"https:\/\/hansenimoveis.com\/it\/resources\/documentazione-necessaria-per-condurre-un-brasile-finanziamento\/","url":"https:\/\/hansenimoveis.com\/it\/resources\/documentazione-necessaria-per-condurre-un-brasile-finanziamento\/","name":"Documentazione necessaria per condurre un Brasile finanziamento","isPartOf":{"@id":"https:\/\/hansenimoveis.com\/it\/#website"},"primaryImageOfPage":{"@id":"https:\/\/hansenimoveis.com\/it\/resources\/documentazione-necessaria-per-condurre-un-brasile-finanziamento\/#primaryimage"},"image":{"@id":"https:\/\/hansenimoveis.com\/it\/resources\/documentazione-necessaria-per-condurre-un-brasile-finanziamento\/#primaryimage"},"thumbnailUrl":"https:\/\/hansenimoveis.com\/wp-content\/uploads\/2014\/10\/documentos.jpg","datePublished":"2014-10-21T21:37:45+00:00","dateModified":"2025-04-19T03:06:53+00:00","description":"L'elenco dei documenti per eseguire un finanziamento comune. Hansen Im\u00f3veis","breadcrumb":{"@id":"https:\/\/hansenimoveis.com\/it\/resources\/documentazione-necessaria-per-condurre-un-brasile-finanziamento\/#breadcrumb"},"inLanguage":"it-IT","potentialAction":[{"@type":"ReadAction","target":["https:\/\/hansenimoveis.com\/it\/resources\/documentazione-necessaria-per-condurre-un-brasile-finanziamento\/"]}]},{"@type":"ImageObject","inLanguage":"it-IT","@id":"https:\/\/hansenimoveis.com\/it\/resources\/documentazione-necessaria-per-condurre-un-brasile-finanziamento\/#primaryimage","url":"https:\/\/hansenimoveis.com\/wp-content\/uploads\/2014\/10\/documentos.jpg","contentUrl":"https:\/\/hansenimoveis.com\/wp-content\/uploads\/2014\/10\/documentos.jpg","width":830,"height":323},{"@type":"BreadcrumbList","@id":"https:\/\/hansenimoveis.com\/it\/resources\/documentazione-necessaria-per-condurre-un-brasile-finanziamento\/#breadcrumb","itemListElement":[{"@type":"ListItem","position":1,"name":"In\u00edcio","item":"https:\/\/hansenimoveis.com\/it\/"},{"@type":"ListItem","position":2,"name":"Resources","item":"https:\/\/hansenimoveis.com\/it\/resources\/"},{"@type":"ListItem","position":3,"name":"Documentazione necessaria per condurre un Brasile finanziamento"}]},{"@type":"WebSite","@id":"https:\/\/hansenimoveis.com\/it\/#website","url":"https:\/\/hansenimoveis.com\/it\/","name":"Hansen Im\u00f3veis | Case in vendita Lauro de Freitas, Litoral Norte e Salvador","description":"","publisher":{"@id":"https:\/\/hansenimoveis.com\/it\/#organization"},"potentialAction":[{"@type":"SearchAction","target":{"@type":"EntryPoint","urlTemplate":"https:\/\/hansenimoveis.com\/it\/?s={search_term_string}"},"query-input":{"@type":"PropertyValueSpecification","valueRequired":true,"valueName":"search_term_string"}}],"inLanguage":"it-IT"},{"@type":["Organization","Place"],"@id":"https:\/\/hansenimoveis.com\/it\/#organization","name":"Hansen Im\u00f3veis LTDA","url":"https:\/\/hansenimoveis.com\/it\/","logo":{"@id":"https:\/\/hansenimoveis.com\/it\/resources\/documentazione-necessaria-per-condurre-un-brasile-finanziamento\/#local-main-organization-logo"},"image":{"@id":"https:\/\/hansenimoveis.com\/it\/resources\/documentazione-necessaria-per-condurre-un-brasile-finanziamento\/#local-main-organization-logo"},"sameAs":["https:\/\/www.facebook.com\/Hansen-Imveis-356389241069613\/","https:\/\/www.pinterest.dk\/hansenimoveis\/","https:\/\/www.youtube.com\/channel\/UCH1v_JXMzDe4Pf4-ZHMaFDg"],"telephone":[],"openingHoursSpecification":[{"@type":"OpeningHoursSpecification","dayOfWeek":["Monday","Tuesday","Wednesday","Thursday","Friday","Saturday","Sunday"],"opens":"09:00","closes":"17:00"}]},{"@type":"ImageObject","inLanguage":"it-IT","@id":"https:\/\/hansenimoveis.com\/it\/resources\/documentazione-necessaria-per-condurre-un-brasile-finanziamento\/#local-main-organization-logo","url":"https:\/\/hansenimoveis.com\/wp-content\/uploads\/2014\/06\/Hansen-logo.jpg","contentUrl":"https:\/\/hansenimoveis.com\/wp-content\/uploads\/2014\/06\/Hansen-logo.jpg","width":283,"height":283,"caption":"Hansen Im\u00f3veis LTDA"}]}},"_links":{"self":[{"href":"https:\/\/hansenimoveis.com\/it\/wp-json\/wp\/v2\/pages\/59605","targetHints":{"allow":["GET"]}}],"collection":[{"href":"https:\/\/hansenimoveis.com\/it\/wp-json\/wp\/v2\/pages"}],"about":[{"href":"https:\/\/hansenimoveis.com\/it\/wp-json\/wp\/v2\/types\/page"}],"author":[{"embeddable":true,"href":"https:\/\/hansenimoveis.com\/it\/wp-json\/wp\/v2\/users\/1"}],"replies":[{"embeddable":true,"href":"https:\/\/hansenimoveis.com\/it\/wp-json\/wp\/v2\/comments?post=59605"}],"version-history":[{"count":0,"href":"https:\/\/hansenimoveis.com\/it\/wp-json\/wp\/v2\/pages\/59605\/revisions"}],"up":[{"embeddable":true,"href":"https:\/\/hansenimoveis.com\/it\/wp-json\/wp\/v2\/pages\/59033"}],"wp:featuredmedia":[{"embeddable":true,"href":"https:\/\/hansenimoveis.com\/it\/wp-json\/wp\/v2\/media\/59394"}],"wp:attachment":[{"href":"https:\/\/hansenimoveis.com\/it\/wp-json\/wp\/v2\/media?parent=59605"}],"curies":[{"name":"wp","href":"https:\/\/api.w.org\/{rel}","templated":true}]}}