{"id":2002,"date":"2013-08-03T23:46:19","date_gmt":"2013-08-03T23:46:19","guid":{"rendered":"https:\/\/hansenimoveis.com\/property-search-2\/"},"modified":"2025-11-11T06:41:45","modified_gmt":"2025-11-11T09:41:45","slug":"buscador-de-propiedades","status":"publish","type":"page","link":"https:\/\/hansenimoveis.com\/es\/buscador-de-propiedades\/","title":{"rendered":"Buscar"},"content":{"rendered":"","protected":false},"excerpt":{"rendered":"","protected":false},"author":1,"featured_media":0,"parent":0,"menu_order":171,"comment_status":"closed","ping_status":"closed","template":"templates\/properties-search.php","meta":{"footnotes":""},"class_list":["post-2002","page","type-page","status-publish","hentry"],"yoast_head":"<!-- This site is optimized with the Yoast SEO Premium plugin v27.3 (Yoast SEO v27.3) - https:\/\/yoast.com\/product\/yoast-seo-premium-wordpress\/ -->\n<title>B\u00fasqueda de propiedades | Bienes Ra\u00edces Hansen<\/title>\n<meta name=\"description\" content=\"Encuentra tu nuevo hogar con Hansen Im\u00f3veis. Aqu\u00ed encontrar\u00e1 las mejores propiedades en Lauro de Freitas, Salvador y la Costa Norte.\" \/>\n<meta name=\"robots\" content=\"index, follow, max-snippet:-1, max-image-preview:large, max-video-preview:-1\" \/>\n<link rel=\"canonical\" href=\"https:\/\/hansenimoveis.com\/es\/buscador-de-propiedades\/\" \/>\n<meta property=\"og:locale\" content=\"es_ES\" \/>\n<meta property=\"og:type\" content=\"article\" \/>\n<meta property=\"og:title\" content=\"Buscar\" \/>\n<meta property=\"og:description\" content=\"Encuentra tu nuevo hogar con Hansen Im\u00f3veis. Aqu\u00ed encontrar\u00e1 las mejores propiedades en Lauro de Freitas, Salvador y la Costa Norte.\" \/>\n<meta property=\"og:url\" content=\"https:\/\/hansenimoveis.com\/es\/buscador-de-propiedades\/\" \/>\n<meta property=\"og:site_name\" content=\"Hansen Im\u00f3veis | Casas en venta Lauro de Freitas, Litoral Norte y Salvador\" \/>\n<meta property=\"article:publisher\" content=\"https:\/\/www.facebook.com\/Hansen-Imveis-356389241069613\/\" \/>\n<meta property=\"article:modified_time\" content=\"2025-11-11T09:41:45+00:00\" \/>\n<script type=\"application\/ld+json\" class=\"yoast-schema-graph\">{\"@context\":\"https:\\\/\\\/schema.org\",\"@graph\":[{\"@type\":\"WebPage\",\"@id\":\"https:\\\/\\\/hansenimoveis.com\\\/es\\\/buscador-de-propiedades\\\/\",\"url\":\"https:\\\/\\\/hansenimoveis.com\\\/es\\\/buscador-de-propiedades\\\/\",\"name\":\"B\u00fasqueda de propiedades | Bienes Ra\u00edces Hansen\",\"isPartOf\":{\"@id\":\"https:\\\/\\\/hansenimoveis.com\\\/es\\\/#website\"},\"datePublished\":\"2013-08-03T23:46:19+00:00\",\"dateModified\":\"2025-11-11T09:41:45+00:00\",\"description\":\"Encuentra tu nuevo hogar con Hansen Im\u00f3veis. Aqu\u00ed encontrar\u00e1 las mejores propiedades en Lauro de Freitas, Salvador y la Costa Norte.\",\"breadcrumb\":{\"@id\":\"https:\\\/\\\/hansenimoveis.com\\\/es\\\/buscador-de-propiedades\\\/#breadcrumb\"},\"inLanguage\":\"es\",\"potentialAction\":[{\"@type\":\"ReadAction\",\"target\":[\"https:\\\/\\\/hansenimoveis.com\\\/es\\\/buscador-de-propiedades\\\/\"]}]},{\"@type\":\"BreadcrumbList\",\"@id\":\"https:\\\/\\\/hansenimoveis.com\\\/es\\\/buscador-de-propiedades\\\/#breadcrumb\",\"itemListElement\":[{\"@type\":\"ListItem\",\"position\":1,\"name\":\"In\u00edcio\",\"item\":\"https:\\\/\\\/hansenimoveis.com\\\/es\\\/\"},{\"@type\":\"ListItem\",\"position\":2,\"name\":\"Buscar\"}]},{\"@type\":\"WebSite\",\"@id\":\"https:\\\/\\\/hansenimoveis.com\\\/es\\\/#website\",\"url\":\"https:\\\/\\\/hansenimoveis.com\\\/es\\\/\",\"name\":\"Hansen Im\u00f3veis | Casas en venta Lauro de Freitas, Litoral Norte y Salvador\",\"description\":\"\",\"publisher\":{\"@id\":\"https:\\\/\\\/hansenimoveis.com\\\/es\\\/#organization\"},\"potentialAction\":[{\"@type\":\"SearchAction\",\"target\":{\"@type\":\"EntryPoint\",\"urlTemplate\":\"https:\\\/\\\/hansenimoveis.com\\\/es\\\/?s={search_term_string}\"},\"query-input\":{\"@type\":\"PropertyValueSpecification\",\"valueRequired\":true,\"valueName\":\"search_term_string\"}}],\"inLanguage\":\"es\"},{\"@type\":[\"Organization\",\"Place\"],\"@id\":\"https:\\\/\\\/hansenimoveis.com\\\/es\\\/#organization\",\"name\":\"Hansen Im\u00f3veis LTDA\",\"url\":\"https:\\\/\\\/hansenimoveis.com\\\/es\\\/\",\"logo\":{\"@id\":\"https:\\\/\\\/hansenimoveis.com\\\/es\\\/buscador-de-propiedades\\\/#local-main-organization-logo\"},\"image\":{\"@id\":\"https:\\\/\\\/hansenimoveis.com\\\/es\\\/buscador-de-propiedades\\\/#local-main-organization-logo\"},\"sameAs\":[\"https:\\\/\\\/www.facebook.com\\\/Hansen-Imveis-356389241069613\\\/\",\"https:\\\/\\\/www.pinterest.dk\\\/hansenimoveis\\\/\",\"https:\\\/\\\/www.youtube.com\\\/channel\\\/UCH1v_JXMzDe4Pf4-ZHMaFDg\"],\"telephone\":[],\"openingHoursSpecification\":[{\"@type\":\"OpeningHoursSpecification\",\"dayOfWeek\":[\"Monday\",\"Tuesday\",\"Wednesday\",\"Thursday\",\"Friday\",\"Saturday\",\"Sunday\"],\"opens\":\"09:00\",\"closes\":\"17:00\"}]},{\"@type\":\"ImageObject\",\"inLanguage\":\"es\",\"@id\":\"https:\\\/\\\/hansenimoveis.com\\\/es\\\/buscador-de-propiedades\\\/#local-main-organization-logo\",\"url\":\"https:\\\/\\\/hansenimoveis.com\\\/wp-content\\\/uploads\\\/2014\\\/06\\\/Hansen-logo.jpg\",\"contentUrl\":\"https:\\\/\\\/hansenimoveis.com\\\/wp-content\\\/uploads\\\/2014\\\/06\\\/Hansen-logo.jpg\",\"width\":283,\"height\":283,\"caption\":\"Hansen Im\u00f3veis LTDA\"}]}<\/script>\n<!-- \/ Yoast SEO Premium plugin. -->","yoast_head_json":{"title":"B\u00fasqueda de propiedades | Bienes Ra\u00edces Hansen","description":"Encuentra tu nuevo hogar con Hansen Im\u00f3veis. Aqu\u00ed encontrar\u00e1 las mejores propiedades en Lauro de Freitas, Salvador y la Costa Norte.","robots":{"index":"index","follow":"follow","max-snippet":"max-snippet:-1","max-image-preview":"max-image-preview:large","max-video-preview":"max-video-preview:-1"},"canonical":"https:\/\/hansenimoveis.com\/es\/buscador-de-propiedades\/","og_locale":"es_ES","og_type":"article","og_title":"Buscar","og_description":"Encuentra tu nuevo hogar con Hansen Im\u00f3veis. Aqu\u00ed encontrar\u00e1 las mejores propiedades en Lauro de Freitas, Salvador y la Costa Norte.","og_url":"https:\/\/hansenimoveis.com\/es\/buscador-de-propiedades\/","og_site_name":"Hansen Im\u00f3veis | Casas en venta Lauro de Freitas, Litoral Norte y Salvador","article_publisher":"https:\/\/www.facebook.com\/Hansen-Imveis-356389241069613\/","article_modified_time":"2025-11-11T09:41:45+00:00","schema":{"@context":"https:\/\/schema.org","@graph":[{"@type":"WebPage","@id":"https:\/\/hansenimoveis.com\/es\/buscador-de-propiedades\/","url":"https:\/\/hansenimoveis.com\/es\/buscador-de-propiedades\/","name":"B\u00fasqueda de propiedades | Bienes Ra\u00edces Hansen","isPartOf":{"@id":"https:\/\/hansenimoveis.com\/es\/#website"},"datePublished":"2013-08-03T23:46:19+00:00","dateModified":"2025-11-11T09:41:45+00:00","description":"Encuentra tu nuevo hogar con Hansen Im\u00f3veis. Aqu\u00ed encontrar\u00e1 las mejores propiedades en Lauro de Freitas, Salvador y la Costa Norte.","breadcrumb":{"@id":"https:\/\/hansenimoveis.com\/es\/buscador-de-propiedades\/#breadcrumb"},"inLanguage":"es","potentialAction":[{"@type":"ReadAction","target":["https:\/\/hansenimoveis.com\/es\/buscador-de-propiedades\/"]}]},{"@type":"BreadcrumbList","@id":"https:\/\/hansenimoveis.com\/es\/buscador-de-propiedades\/#breadcrumb","itemListElement":[{"@type":"ListItem","position":1,"name":"In\u00edcio","item":"https:\/\/hansenimoveis.com\/es\/"},{"@type":"ListItem","position":2,"name":"Buscar"}]},{"@type":"WebSite","@id":"https:\/\/hansenimoveis.com\/es\/#website","url":"https:\/\/hansenimoveis.com\/es\/","name":"Hansen Im\u00f3veis | Casas en venta Lauro de Freitas, Litoral Norte y Salvador","description":"","publisher":{"@id":"https:\/\/hansenimoveis.com\/es\/#organization"},"potentialAction":[{"@type":"SearchAction","target":{"@type":"EntryPoint","urlTemplate":"https:\/\/hansenimoveis.com\/es\/?s={search_term_string}"},"query-input":{"@type":"PropertyValueSpecification","valueRequired":true,"valueName":"search_term_string"}}],"inLanguage":"es"},{"@type":["Organization","Place"],"@id":"https:\/\/hansenimoveis.com\/es\/#organization","name":"Hansen Im\u00f3veis LTDA","url":"https:\/\/hansenimoveis.com\/es\/","logo":{"@id":"https:\/\/hansenimoveis.com\/es\/buscador-de-propiedades\/#local-main-organization-logo"},"image":{"@id":"https:\/\/hansenimoveis.com\/es\/buscador-de-propiedades\/#local-main-organization-logo"},"sameAs":["https:\/\/www.facebook.com\/Hansen-Imveis-356389241069613\/","https:\/\/www.pinterest.dk\/hansenimoveis\/","https:\/\/www.youtube.com\/channel\/UCH1v_JXMzDe4Pf4-ZHMaFDg"],"telephone":[],"openingHoursSpecification":[{"@type":"OpeningHoursSpecification","dayOfWeek":["Monday","Tuesday","Wednesday","Thursday","Friday","Saturday","Sunday"],"opens":"09:00","closes":"17:00"}]},{"@type":"ImageObject","inLanguage":"es","@id":"https:\/\/hansenimoveis.com\/es\/buscador-de-propiedades\/#local-main-organization-logo","url":"https:\/\/hansenimoveis.com\/wp-content\/uploads\/2014\/06\/Hansen-logo.jpg","contentUrl":"https:\/\/hansenimoveis.com\/wp-content\/uploads\/2014\/06\/Hansen-logo.jpg","width":283,"height":283,"caption":"Hansen Im\u00f3veis LTDA"}]}},"_links":{"self":[{"href":"https:\/\/hansenimoveis.com\/es\/wp-json\/wp\/v2\/pages\/2002","targetHints":{"allow":["GET"]}}],"collection":[{"href":"https:\/\/hansenimoveis.com\/es\/wp-json\/wp\/v2\/pages"}],"about":[{"href":"https:\/\/hansenimoveis.com\/es\/wp-json\/wp\/v2\/types\/page"}],"author":[{"embeddable":true,"href":"https:\/\/hansenimoveis.com\/es\/wp-json\/wp\/v2\/users\/1"}],"replies":[{"embeddable":true,"href":"https:\/\/hansenimoveis.com\/es\/wp-json\/wp\/v2\/comments?post=2002"}],"version-history":[{"count":0,"href":"https:\/\/hansenimoveis.com\/es\/wp-json\/wp\/v2\/pages\/2002\/revisions"}],"wp:attachment":[{"href":"https:\/\/hansenimoveis.com\/es\/wp-json\/wp\/v2\/media?parent=2002"}],"curies":[{"name":"wp","href":"https:\/\/api.w.org\/{rel}","templated":true}]}}