{"id":59604,"date":"2014-10-21T18:37:45","date_gmt":"2014-10-21T21:37:45","guid":{"rendered":"https:\/\/hansenimoveis.com\/resources\/documentacao-necessaria-para-realizar-um-financiamento\/"},"modified":"2025-04-19T00:02:43","modified_gmt":"2025-04-19T03:02:43","slug":"dokumentation-notwendig-fur-eine-finanzierung-in-brasilien-durchfuhren","status":"publish","type":"page","link":"https:\/\/hansenimoveis.com\/de\/resources\/dokumentation-notwendig-fur-eine-finanzierung-in-brasilien-durchfuhren\/","title":{"rendered":"Dokumentation notwendig fur eine finanzierung in Brasilien durchf\u00fchren"},"content":{"rendered":"<h1>Dokumentation notwendig fur eine finanzierung in Brasilien durchf\u00fchren<\/h1>\n<h3>Darstellende Finanzierung<\/h3>\n<p>Wenn Sie Ihre Immobilie in der Anlage gekauft haben, wird es eine Zeit kommen, wenn Sie ben\u00f6tigen, um den Schuldner, um die Tasten Gleichgewicht erhalten zu finanzieren. Und nach der Wahl der Bank, wo Sie die Finanzierung durchzuf\u00fchren, sollte seine Kreditbrief gehen zwischen 15 und 60 Tagen. Alles h\u00e4ngt von der Agilit\u00e4t des Prozesses und Genehmigungen von der Bank. Es ist Teil der Kreditzusage und anderer \u00f6ffentlicher Finanzierung.<\/p>\n<h3>Kreditgenehmigungs<\/h3>\n<p>Kreditgenehmigungs Simulieren Sie mindestens drei Banken, darunter, was Sie Halter sind. Die Daten auf der Hand zeigen den Wert, der finanziert werden k\u00f6nnen<\/p>\n<ul>\n<li>Kontaktieren Sie eine Agentur, um die Einstellung von Kredit-und Finanzierungs genehmigen<\/li>\n<li>Die Bank fragt zun\u00e4chst einige Dokumente zum Einkommen wie Gehaltsschecks, Kreditkarte Geschichte, Beweise f\u00fcr andere Investitionen beweisen<\/li>\n<li>Die Bank pr\u00fcft, ob es eine Behinderung f\u00fcr Finanzinstitute wie Credit Protection Service (SPC), SERASA und Informationssystem der Zentralbank (SISBACEN).<\/li>\n<\/ul>\n<h3>Beschaffung von Finanzierungs<\/h3>\n<ul>\n<li>Ohne Behinderung, wird die Dokumentation \u00fcber den K\u00e4ufer, dem Verk\u00e4ufer und der Eigenschaft, die Analyse der Bank geliefert<\/li>\n<li>Das Anwesen ist von akkreditierten Ingenieur die Bank, um den Wert zu bestimmen, den Kauf und Verkauf beurteilt. Die Bewertung wird vom K\u00e4ufer gezahlt<\/li>\n<li>Dokumente genehmigt werden Vertr\u00e4ge per Bankstelle des K\u00e4ufers abgefasst und unterzeichnet<\/li>\n<li>Der K\u00e4ufer \u00fcbernimmt Auftr\u00e4ge f\u00fcr die Eintragung im Grund und dann auf die Bank, wenn sie registriert sind<\/li>\n<li>Registriert mit dem Vertrag, die Bank gibt das Geld an den Verk\u00e4ufer der Immobilie. K\u00e4ufer zahlt die erste Rate nach 30 Tagen.<\/li>\n<\/ul>\n<h4 style=\"text-align: left;\">Dokumentation notwendige Finanzierung zu mieten<\/h4>\n<p style=\"text-align: left;\">Die Ausschreibungsunterlagen k\u00f6nnen zwischen Banken variieren. Aber im Allgemeinen erforderlich sind<\/p>\n<h3>Um die Kredit genehmigen<\/h3>\n<ul>\n<li>RG<\/li>\n<li>CPF<\/li>\n<li>Nachweis des Einkommens, wie der Beruf<\/li>\n<li>Nachweis der aktuellen Familienstand<\/li>\n<\/ul>\n<h3>F\u00fcr einzelne Verk\u00e4ufer<\/h3>\n<ul>\n<li>RG<\/li>\n<li>CPF<\/li>\n<li>Nachweis des Wohnsitzes<\/li>\n<li>Nachweis der aktuellen Familienstand<\/li>\n<li>Gemeinschaftsprodukt des Schulden auf den Bundessteuern<\/li>\n<\/ul>\n<h3>F\u00fcr Unternehmensverk\u00e4ufer<\/h3>\n<ul>\n<li>CNPJ<\/li>\n<li>Company Ltd &#8211; Auftrags und sozialen Ver\u00e4nderungen, wenn \u00fcberhaupt, aufgenommen, Original und Kopie<\/li>\n<li>Einzelfirma &#8211; Gr\u00fcndungsdokumenten des einzelnen Unternehmens und Ver\u00e4nderungen, wenn \u00fcberhaupt, aufgenommen, Original und Kopie<\/li>\n<li>Anonyme Gesellschaft &#8211; Soziale und Protokoll der letzten Vorstandswahl Status und das Original<\/li>\n<li>Vereinfachte Zertifikat Board of Trade und entsprechende<\/li>\n<li>CRF Tagen &#8211; von Box bereitgestellt<\/li>\n<li>Anwalt f\u00fcr \u00f6ffentliches Instrument, Verk\u00e4ufer oder Ver\u00e4u\u00dferer, wie der Fall<\/li>\n<li>Indikator f\u00fcr die laufende Rechnung, die Kredit erhalten<\/li>\n<\/ul>\n<h2>Immobilien Dokumente<\/h2>\n<ul>\n<li>Aktualisiert Registrierung und keine Steuerpfandrechte und Durchsetzungsma\u00dfnahmen der Schulden oder Besitz von Eigentum<\/li>\n<li>Kopie eines Kaufvertrages<\/li>\n<li>Wir empfehlen Nachweis der Eigentumswohnung keine Schulden, wenn n\u00f6tig<\/li>\n<li>Grundsteuern (dito)<\/li>\n<li>Bewertung der Immobilie durch die Finanzmittel genommen akkreditiert Ingenieur<\/li>\n<\/ul>\n<h3>K\u00e4ufer, die individuelle F\u00f6rderung zu mieten<\/h3>\n<ul>\n<li>RG<\/li>\n<li>CPF<\/li>\n<li>Nachweis des Wohnsitzes<\/li>\n<li>Nachweis der aktuellen Familienstand<\/li>\n<li>Gemeinschaftsprodukt des Schulden auf den Bundessteuern<\/li>\n<\/ul>\n","protected":false},"excerpt":{"rendered":"<p>Dokumentation notwendig fur eine finanzierung in Brasilien durchf\u00fchren Darstellende Finanzierung Wenn Sie Ihre Immobilie in der Anlage gekauft haben, wird es eine Zeit kommen, wenn Sie ben\u00f6tigen, um den Schuldner, um die Tasten Gleichgewicht erhalten zu finanzieren. Und nach der Wahl der Bank, wo Sie die Finanzierung durchzuf\u00fchren, sollte seine Kreditbrief gehen zwischen 15 und&#8230;<\/p>\n","protected":false},"author":1,"featured_media":59393,"parent":59032,"menu_order":0,"comment_status":"closed","ping_status":"closed","template":"","meta":{"footnotes":""},"class_list":["post-59604","page","type-page","status-publish","has-post-thumbnail","hentry"],"yoast_head":"<!-- This site is optimized with the Yoast SEO Premium plugin v27.3 (Yoast SEO v27.3) - https:\/\/yoast.com\/product\/yoast-seo-premium-wordpress\/ -->\n<title>Dokumentation notwendig fur eine finanzierung in Brasilien durchf\u00fchren<\/title>\n<meta name=\"description\" content=\"Die Liste der Dokumentation notwendig fur eine finanzierung in Brasilien durchf\u00fchren. Hansen Im\u00f3veis\" \/>\n<meta name=\"robots\" content=\"index, follow, max-snippet:-1, max-image-preview:large, max-video-preview:-1\" \/>\n<link rel=\"canonical\" href=\"https:\/\/hansenimoveis.com\/de\/resources\/dokumentation-notwendig-fur-eine-finanzierung-in-brasilien-durchfuhren\/\" \/>\n<meta property=\"og:locale\" content=\"de_DE\" \/>\n<meta property=\"og:type\" content=\"article\" \/>\n<meta property=\"og:title\" content=\"Dokumentation notwendig fur eine finanzierung in Brasilien durchf\u00fchren\" \/>\n<meta property=\"og:description\" content=\"Die Liste der Dokumentation notwendig fur eine finanzierung in Brasilien durchf\u00fchren. Hansen Im\u00f3veis\" \/>\n<meta property=\"og:url\" content=\"https:\/\/hansenimoveis.com\/de\/resources\/dokumentation-notwendig-fur-eine-finanzierung-in-brasilien-durchfuhren\/\" \/>\n<meta property=\"og:site_name\" content=\"Hansen Im\u00f3veis | H\u00e4user zum Verkauf Lauro de Freitas, Litoral Norte und Salvador\" \/>\n<meta property=\"article:publisher\" content=\"https:\/\/www.facebook.com\/Hansen-Imveis-356389241069613\/\" \/>\n<meta property=\"article:modified_time\" content=\"2025-04-19T03:02:43+00:00\" \/>\n<meta property=\"og:image\" content=\"https:\/\/hansenimoveis.com\/wp-content\/uploads\/2014\/10\/documentos.jpg\" \/>\n\t<meta property=\"og:image:width\" content=\"830\" \/>\n\t<meta property=\"og:image:height\" content=\"323\" \/>\n\t<meta property=\"og:image:type\" content=\"image\/jpeg\" \/>\n<meta name=\"twitter:label1\" content=\"Gesch\u00e4tzte Lesezeit\" \/>\n\t<meta name=\"twitter:data1\" content=\"3\u00a0Minuten\" \/>\n<script type=\"application\/ld+json\" class=\"yoast-schema-graph\">{\"@context\":\"https:\\\/\\\/schema.org\",\"@graph\":[{\"@type\":\"WebPage\",\"@id\":\"https:\\\/\\\/hansenimoveis.com\\\/de\\\/resources\\\/dokumentation-notwendig-fur-eine-finanzierung-in-brasilien-durchfuhren\\\/\",\"url\":\"https:\\\/\\\/hansenimoveis.com\\\/de\\\/resources\\\/dokumentation-notwendig-fur-eine-finanzierung-in-brasilien-durchfuhren\\\/\",\"name\":\"Dokumentation notwendig fur eine finanzierung in Brasilien durchf\u00fchren\",\"isPartOf\":{\"@id\":\"https:\\\/\\\/hansenimoveis.com\\\/de\\\/#website\"},\"primaryImageOfPage\":{\"@id\":\"https:\\\/\\\/hansenimoveis.com\\\/de\\\/resources\\\/dokumentation-notwendig-fur-eine-finanzierung-in-brasilien-durchfuhren\\\/#primaryimage\"},\"image\":{\"@id\":\"https:\\\/\\\/hansenimoveis.com\\\/de\\\/resources\\\/dokumentation-notwendig-fur-eine-finanzierung-in-brasilien-durchfuhren\\\/#primaryimage\"},\"thumbnailUrl\":\"https:\\\/\\\/hansenimoveis.com\\\/wp-content\\\/uploads\\\/2014\\\/10\\\/documentos.jpg\",\"datePublished\":\"2014-10-21T21:37:45+00:00\",\"dateModified\":\"2025-04-19T03:02:43+00:00\",\"description\":\"Die Liste der Dokumentation notwendig fur eine finanzierung in Brasilien durchf\u00fchren. Hansen Im\u00f3veis\",\"breadcrumb\":{\"@id\":\"https:\\\/\\\/hansenimoveis.com\\\/de\\\/resources\\\/dokumentation-notwendig-fur-eine-finanzierung-in-brasilien-durchfuhren\\\/#breadcrumb\"},\"inLanguage\":\"de\",\"potentialAction\":[{\"@type\":\"ReadAction\",\"target\":[\"https:\\\/\\\/hansenimoveis.com\\\/de\\\/resources\\\/dokumentation-notwendig-fur-eine-finanzierung-in-brasilien-durchfuhren\\\/\"]}]},{\"@type\":\"ImageObject\",\"inLanguage\":\"de\",\"@id\":\"https:\\\/\\\/hansenimoveis.com\\\/de\\\/resources\\\/dokumentation-notwendig-fur-eine-finanzierung-in-brasilien-durchfuhren\\\/#primaryimage\",\"url\":\"https:\\\/\\\/hansenimoveis.com\\\/wp-content\\\/uploads\\\/2014\\\/10\\\/documentos.jpg\",\"contentUrl\":\"https:\\\/\\\/hansenimoveis.com\\\/wp-content\\\/uploads\\\/2014\\\/10\\\/documentos.jpg\",\"width\":830,\"height\":323},{\"@type\":\"BreadcrumbList\",\"@id\":\"https:\\\/\\\/hansenimoveis.com\\\/de\\\/resources\\\/dokumentation-notwendig-fur-eine-finanzierung-in-brasilien-durchfuhren\\\/#breadcrumb\",\"itemListElement\":[{\"@type\":\"ListItem\",\"position\":1,\"name\":\"In\u00edcio\",\"item\":\"https:\\\/\\\/hansenimoveis.com\\\/de\\\/\"},{\"@type\":\"ListItem\",\"position\":2,\"name\":\"Resources\",\"item\":\"https:\\\/\\\/hansenimoveis.com\\\/de\\\/resources\\\/\"},{\"@type\":\"ListItem\",\"position\":3,\"name\":\"Dokumentation notwendig fur eine finanzierung in Brasilien durchf\u00fchren\"}]},{\"@type\":\"WebSite\",\"@id\":\"https:\\\/\\\/hansenimoveis.com\\\/de\\\/#website\",\"url\":\"https:\\\/\\\/hansenimoveis.com\\\/de\\\/\",\"name\":\"Hansen Im\u00f3veis | H\u00e4user zum Verkauf Lauro de Freitas, Litoral Norte und Salvador\",\"description\":\"\",\"publisher\":{\"@id\":\"https:\\\/\\\/hansenimoveis.com\\\/de\\\/#organization\"},\"potentialAction\":[{\"@type\":\"SearchAction\",\"target\":{\"@type\":\"EntryPoint\",\"urlTemplate\":\"https:\\\/\\\/hansenimoveis.com\\\/de\\\/?s={search_term_string}\"},\"query-input\":{\"@type\":\"PropertyValueSpecification\",\"valueRequired\":true,\"valueName\":\"search_term_string\"}}],\"inLanguage\":\"de\"},{\"@type\":[\"Organization\",\"Place\"],\"@id\":\"https:\\\/\\\/hansenimoveis.com\\\/de\\\/#organization\",\"name\":\"Hansen Im\u00f3veis LTDA\",\"url\":\"https:\\\/\\\/hansenimoveis.com\\\/de\\\/\",\"logo\":{\"@id\":\"https:\\\/\\\/hansenimoveis.com\\\/de\\\/resources\\\/dokumentation-notwendig-fur-eine-finanzierung-in-brasilien-durchfuhren\\\/#local-main-organization-logo\"},\"image\":{\"@id\":\"https:\\\/\\\/hansenimoveis.com\\\/de\\\/resources\\\/dokumentation-notwendig-fur-eine-finanzierung-in-brasilien-durchfuhren\\\/#local-main-organization-logo\"},\"sameAs\":[\"https:\\\/\\\/www.facebook.com\\\/Hansen-Imveis-356389241069613\\\/\",\"https:\\\/\\\/www.pinterest.dk\\\/hansenimoveis\\\/\",\"https:\\\/\\\/www.youtube.com\\\/channel\\\/UCH1v_JXMzDe4Pf4-ZHMaFDg\"],\"telephone\":[],\"openingHoursSpecification\":[{\"@type\":\"OpeningHoursSpecification\",\"dayOfWeek\":[\"Monday\",\"Tuesday\",\"Wednesday\",\"Thursday\",\"Friday\",\"Saturday\",\"Sunday\"],\"opens\":\"09:00\",\"closes\":\"17:00\"}]},{\"@type\":\"ImageObject\",\"inLanguage\":\"de\",\"@id\":\"https:\\\/\\\/hansenimoveis.com\\\/de\\\/resources\\\/dokumentation-notwendig-fur-eine-finanzierung-in-brasilien-durchfuhren\\\/#local-main-organization-logo\",\"url\":\"https:\\\/\\\/hansenimoveis.com\\\/wp-content\\\/uploads\\\/2014\\\/06\\\/Hansen-logo.jpg\",\"contentUrl\":\"https:\\\/\\\/hansenimoveis.com\\\/wp-content\\\/uploads\\\/2014\\\/06\\\/Hansen-logo.jpg\",\"width\":283,\"height\":283,\"caption\":\"Hansen Im\u00f3veis LTDA\"}]}<\/script>\n<!-- \/ Yoast SEO Premium plugin. -->","yoast_head_json":{"title":"Dokumentation notwendig fur eine finanzierung in Brasilien durchf\u00fchren","description":"Die Liste der Dokumentation notwendig fur eine finanzierung in Brasilien durchf\u00fchren. Hansen Im\u00f3veis","robots":{"index":"index","follow":"follow","max-snippet":"max-snippet:-1","max-image-preview":"max-image-preview:large","max-video-preview":"max-video-preview:-1"},"canonical":"https:\/\/hansenimoveis.com\/de\/resources\/dokumentation-notwendig-fur-eine-finanzierung-in-brasilien-durchfuhren\/","og_locale":"de_DE","og_type":"article","og_title":"Dokumentation notwendig fur eine finanzierung in Brasilien durchf\u00fchren","og_description":"Die Liste der Dokumentation notwendig fur eine finanzierung in Brasilien durchf\u00fchren. Hansen Im\u00f3veis","og_url":"https:\/\/hansenimoveis.com\/de\/resources\/dokumentation-notwendig-fur-eine-finanzierung-in-brasilien-durchfuhren\/","og_site_name":"Hansen Im\u00f3veis | H\u00e4user zum Verkauf Lauro de Freitas, Litoral Norte und Salvador","article_publisher":"https:\/\/www.facebook.com\/Hansen-Imveis-356389241069613\/","article_modified_time":"2025-04-19T03:02:43+00:00","og_image":[{"width":830,"height":323,"url":"https:\/\/hansenimoveis.com\/wp-content\/uploads\/2014\/10\/documentos.jpg","type":"image\/jpeg"}],"twitter_misc":{"Gesch\u00e4tzte Lesezeit":"3\u00a0Minuten"},"schema":{"@context":"https:\/\/schema.org","@graph":[{"@type":"WebPage","@id":"https:\/\/hansenimoveis.com\/de\/resources\/dokumentation-notwendig-fur-eine-finanzierung-in-brasilien-durchfuhren\/","url":"https:\/\/hansenimoveis.com\/de\/resources\/dokumentation-notwendig-fur-eine-finanzierung-in-brasilien-durchfuhren\/","name":"Dokumentation notwendig fur eine finanzierung in Brasilien durchf\u00fchren","isPartOf":{"@id":"https:\/\/hansenimoveis.com\/de\/#website"},"primaryImageOfPage":{"@id":"https:\/\/hansenimoveis.com\/de\/resources\/dokumentation-notwendig-fur-eine-finanzierung-in-brasilien-durchfuhren\/#primaryimage"},"image":{"@id":"https:\/\/hansenimoveis.com\/de\/resources\/dokumentation-notwendig-fur-eine-finanzierung-in-brasilien-durchfuhren\/#primaryimage"},"thumbnailUrl":"https:\/\/hansenimoveis.com\/wp-content\/uploads\/2014\/10\/documentos.jpg","datePublished":"2014-10-21T21:37:45+00:00","dateModified":"2025-04-19T03:02:43+00:00","description":"Die Liste der Dokumentation notwendig fur eine finanzierung in Brasilien durchf\u00fchren. Hansen Im\u00f3veis","breadcrumb":{"@id":"https:\/\/hansenimoveis.com\/de\/resources\/dokumentation-notwendig-fur-eine-finanzierung-in-brasilien-durchfuhren\/#breadcrumb"},"inLanguage":"de","potentialAction":[{"@type":"ReadAction","target":["https:\/\/hansenimoveis.com\/de\/resources\/dokumentation-notwendig-fur-eine-finanzierung-in-brasilien-durchfuhren\/"]}]},{"@type":"ImageObject","inLanguage":"de","@id":"https:\/\/hansenimoveis.com\/de\/resources\/dokumentation-notwendig-fur-eine-finanzierung-in-brasilien-durchfuhren\/#primaryimage","url":"https:\/\/hansenimoveis.com\/wp-content\/uploads\/2014\/10\/documentos.jpg","contentUrl":"https:\/\/hansenimoveis.com\/wp-content\/uploads\/2014\/10\/documentos.jpg","width":830,"height":323},{"@type":"BreadcrumbList","@id":"https:\/\/hansenimoveis.com\/de\/resources\/dokumentation-notwendig-fur-eine-finanzierung-in-brasilien-durchfuhren\/#breadcrumb","itemListElement":[{"@type":"ListItem","position":1,"name":"In\u00edcio","item":"https:\/\/hansenimoveis.com\/de\/"},{"@type":"ListItem","position":2,"name":"Resources","item":"https:\/\/hansenimoveis.com\/de\/resources\/"},{"@type":"ListItem","position":3,"name":"Dokumentation notwendig fur eine finanzierung in Brasilien durchf\u00fchren"}]},{"@type":"WebSite","@id":"https:\/\/hansenimoveis.com\/de\/#website","url":"https:\/\/hansenimoveis.com\/de\/","name":"Hansen Im\u00f3veis | H\u00e4user zum Verkauf Lauro de Freitas, Litoral Norte und Salvador","description":"","publisher":{"@id":"https:\/\/hansenimoveis.com\/de\/#organization"},"potentialAction":[{"@type":"SearchAction","target":{"@type":"EntryPoint","urlTemplate":"https:\/\/hansenimoveis.com\/de\/?s={search_term_string}"},"query-input":{"@type":"PropertyValueSpecification","valueRequired":true,"valueName":"search_term_string"}}],"inLanguage":"de"},{"@type":["Organization","Place"],"@id":"https:\/\/hansenimoveis.com\/de\/#organization","name":"Hansen Im\u00f3veis LTDA","url":"https:\/\/hansenimoveis.com\/de\/","logo":{"@id":"https:\/\/hansenimoveis.com\/de\/resources\/dokumentation-notwendig-fur-eine-finanzierung-in-brasilien-durchfuhren\/#local-main-organization-logo"},"image":{"@id":"https:\/\/hansenimoveis.com\/de\/resources\/dokumentation-notwendig-fur-eine-finanzierung-in-brasilien-durchfuhren\/#local-main-organization-logo"},"sameAs":["https:\/\/www.facebook.com\/Hansen-Imveis-356389241069613\/","https:\/\/www.pinterest.dk\/hansenimoveis\/","https:\/\/www.youtube.com\/channel\/UCH1v_JXMzDe4Pf4-ZHMaFDg"],"telephone":[],"openingHoursSpecification":[{"@type":"OpeningHoursSpecification","dayOfWeek":["Monday","Tuesday","Wednesday","Thursday","Friday","Saturday","Sunday"],"opens":"09:00","closes":"17:00"}]},{"@type":"ImageObject","inLanguage":"de","@id":"https:\/\/hansenimoveis.com\/de\/resources\/dokumentation-notwendig-fur-eine-finanzierung-in-brasilien-durchfuhren\/#local-main-organization-logo","url":"https:\/\/hansenimoveis.com\/wp-content\/uploads\/2014\/06\/Hansen-logo.jpg","contentUrl":"https:\/\/hansenimoveis.com\/wp-content\/uploads\/2014\/06\/Hansen-logo.jpg","width":283,"height":283,"caption":"Hansen Im\u00f3veis LTDA"}]}},"_links":{"self":[{"href":"https:\/\/hansenimoveis.com\/de\/wp-json\/wp\/v2\/pages\/59604","targetHints":{"allow":["GET"]}}],"collection":[{"href":"https:\/\/hansenimoveis.com\/de\/wp-json\/wp\/v2\/pages"}],"about":[{"href":"https:\/\/hansenimoveis.com\/de\/wp-json\/wp\/v2\/types\/page"}],"author":[{"embeddable":true,"href":"https:\/\/hansenimoveis.com\/de\/wp-json\/wp\/v2\/users\/1"}],"replies":[{"embeddable":true,"href":"https:\/\/hansenimoveis.com\/de\/wp-json\/wp\/v2\/comments?post=59604"}],"version-history":[{"count":0,"href":"https:\/\/hansenimoveis.com\/de\/wp-json\/wp\/v2\/pages\/59604\/revisions"}],"up":[{"embeddable":true,"href":"https:\/\/hansenimoveis.com\/de\/wp-json\/wp\/v2\/pages\/59032"}],"wp:featuredmedia":[{"embeddable":true,"href":"https:\/\/hansenimoveis.com\/de\/wp-json\/wp\/v2\/media\/59393"}],"wp:attachment":[{"href":"https:\/\/hansenimoveis.com\/de\/wp-json\/wp\/v2\/media?parent=59604"}],"curies":[{"name":"wp","href":"https:\/\/api.w.org\/{rel}","templated":true}]}}