{"id":59551,"date":"2014-10-22T01:33:37","date_gmt":"2014-10-22T04:33:37","guid":{"rendered":"https:\/\/hansenimoveis.com\/resources\/documentacao-necessaria-para-alugar-um-imovel\/"},"modified":"2025-04-18T23:44:14","modified_gmt":"2025-04-19T02:44:14","slug":"dokumentation-eine-immobilie-zu-mieten-in-brasilien-benotigt","status":"publish","type":"page","link":"https:\/\/hansenimoveis.com\/de\/resources\/dokumentation-eine-immobilie-zu-mieten-in-brasilien-benotigt\/","title":{"rendered":"Dokumentation, eine Immobilie zu mieten in Brasilien ben\u00f6tigt"},"content":{"rendered":"<h1>Dokumentation, eine Immobilie zu mieten in Brasilien ben\u00f6tigt<\/h1>\n<h2>Leasingnehmer &#8211; Einzelpersonen<\/h2>\n<ul>\n<li>Personalausweis und CPF (das Paar falls zutreffend)<\/li>\n<li>Nachweis des Wohnsitzes<\/li>\n<li>Nachweis des Einkommens gleich oder gr\u00f6\u00dfer als drei (3) mal der Betrag der Miete (Einkommensnachweis, Profi-Lizenz, oder die Darstellung der Einkommensteuer)<\/li>\n<\/ul>\n<h3>Leasinggeber (Hersteller)<\/h3>\n<ul>\n<li>Personalausweis und CPF oder, im Falle einer juristischen Person, einem Gesellschaftsvertrag und die Bestimmung CNPJ Befugnisse ihrer gesetzlichen Vertreter<\/li>\n<li>Nachweis des Eigentums oder die Herrschaft der Immobilie<\/li>\n<\/ul>\n<h3>Garanten Personen<\/h3>\n<ul>\n<li>Personalausweis und CPF (das Paar, wo zutreffend)<\/li>\n<li>Trauschein<\/li>\n<li>Nachweis des Wohnsitzes<\/li>\n<li>Nachweis des Einkommens gleich oder gr\u00f6\u00dfer als die dreifache H\u00f6he der Miete (Gehaltsscheck zu Gehaltsscheck, Profi-Lizenz, oder die Darstellung der Einkommensteuer)<\/li>\n<li>Zertifikat von Pfandrechten (\u00f4nus Reais) + Kopie des letzten Grundsteuer Immobilien<\/li>\n<\/ul>\n<h3>Dokumente aus dem Leasinggeber auf den Deposit Insurance (Individual)<\/h3>\n<ul>\n<li>CPF<\/li>\n<li>RG.<\/li>\n<\/ul>\n<h3><strong>Wenn Sie leben in Mietwohnungen:<\/strong><\/h3>\n<ul>\n<li>Mieteinnahmen f\u00fcr die letzten drei Monate<\/li>\n<li>Kopie des Pachtvertrags oder Telefon Immobilien \/ Vermieter oder eine Aussage \u00fcber die Abwesenheit von Verz\u00f6gerungen und Schulden<\/li>\n<\/ul>\n<h3><strong>In Bezug auf den Nachweis des Einkommens:<\/strong><\/h3>\n<ul>\n<li>Mitarbeiter mit unterzeichnet &#8211; letzten Gehaltsscheck oder letzten drei<\/li>\n<li>Gehaltsabrechnungen, wenn die variable Verg\u00fctung. Kopie der Professional-Portfolio. Wenn f\u00fcr weniger als sechs Monate zugelassen, Kopie der vorherigen Besch\u00e4ftigung<\/li>\n<li>Selbstst\u00e4ndig &#8211; Einkommensteuer und Kontoauszug der letzten drei Monate<\/li>\n<li>Freiberuflich &#8211; Einkommensteuer und Kontoauszug der letzten drei Monate<\/li>\n<li>Kleinstunternehmer &#8211; Gesellschaftsvertrag oder Aussage eines einzelnen<\/li>\n<li>Unternehmens, der Einkommensteuer in voller H\u00f6he und Kontoauszug der letzten drei Monate<\/li>\n<li>Rentner oder Pension\u00e4r &#8211; letzten Gehaltsscheck, wenn ein Beamter oder quartals INSS-Extrakt oder andere Pensionsfonds<\/li>\n<li>Ertr\u00e4ge aus Mieten &#8211; Kopie der Grundsteuer (IPTU), Tat oder General Property Registry), den Mietvertrag und die letzte Miete Empfang<\/li>\n<\/ul>\n<h2>Dokumente vom Leasinggeber auf den Einlagensicherungs (Firmen)<\/h2>\n<h3><strong>Unternehmen im Aufbau:<\/strong><\/h3>\n<ul>\n<li>Nachweis des Einkommens und Kapitaleinnahmen f\u00fcr die \u00d6ffnung der Wirtschaft erforderlich Mitglieder (Spar, Investmentfonds oder andere Anwendungen)<\/li>\n<li>Gesellschaftsvertrag und Ver\u00e4nderungen<\/li>\n<li>Registrierung Kartenunternehmen und Partner, begleitet von seinem pers\u00f6nlichen Papiere<\/li>\n<li>Wenn die Mehrheit Partner f\u00fcr Unternehmens wird die Dokumentation ben\u00f6tigt: Voll IR der Mitglieder und monatliche Abrechnung letzten 12 Monaten<\/li>\n<\/ul>\n<h3><strong>Unternehmen entscheiden sich die realen Gewinn oder Non-Profit-Institutionen:<\/strong><\/h3>\n<ul>\n<li>Protokoll der letzten Anweisung der Einkommensteuer der juristischen Personen<\/li>\n<li>Bilanz der letzten zwei Jahre von Buchhalter unterzeichnet<\/li>\n<li>Balance ist in den vergangenen drei Monaten nach Abschluss der letzten Bilanz angesammelt, die durch den Z\u00e4hler unterzeichnet<\/li>\n<\/ul>\n<h3><strong>Unternehmen entscheiden sich super einfach:<\/strong><\/h3>\n<ul>\n<li>Statement of Income Tax der juristischen Personen in Voll den letzten zwei Jahren<\/li>\n<li>&#8222;DAS&#8220; Die Super-Einfach lie\u00dfen sich die letzten sechs Monaten<\/li>\n<\/ul>\n","protected":false},"excerpt":{"rendered":"<p>Dokumentation, eine Immobilie zu mieten in Brasilien ben\u00f6tigt Leasingnehmer &#8211; Einzelpersonen Personalausweis und CPF (das Paar falls zutreffend) Nachweis des Wohnsitzes Nachweis des Einkommens gleich oder gr\u00f6\u00dfer als drei (3) mal der Betrag der Miete (Einkommensnachweis, Profi-Lizenz, oder die Darstellung der Einkommensteuer) Leasinggeber (Hersteller) Personalausweis und CPF oder, im Falle einer juristischen Person, einem Gesellschaftsvertrag&#8230;<\/p>\n","protected":false},"author":1,"featured_media":59528,"parent":59032,"menu_order":0,"comment_status":"closed","ping_status":"closed","template":"","meta":{"footnotes":""},"class_list":["post-59551","page","type-page","status-publish","has-post-thumbnail","hentry"],"yoast_head":"<!-- This site is optimized with the Yoast SEO Premium plugin v27.4 (Yoast SEO v27.4) - https:\/\/yoast.com\/product\/yoast-seo-premium-wordpress\/ -->\n<title>Dokumentation, eine Immobilie zu mieten in Brasilien ben\u00f6tigt<\/title>\n<meta name=\"description\" content=\"Die gemeinsame Liste, wer wird sich um eine Eigenschaft dokumente zu mieten. Dokumentation, eine Immobilie zu mieten in Brasilien ben\u00f6tigt\" \/>\n<meta name=\"robots\" content=\"index, follow, max-snippet:-1, max-image-preview:large, max-video-preview:-1\" \/>\n<link rel=\"canonical\" href=\"https:\/\/hansenimoveis.com\/de\/resources\/dokumentation-eine-immobilie-zu-mieten-in-brasilien-benotigt\/\" \/>\n<meta property=\"og:locale\" content=\"de_DE\" \/>\n<meta property=\"og:type\" content=\"article\" \/>\n<meta property=\"og:title\" content=\"Dokumentation, eine Immobilie zu mieten in Brasilien ben\u00f6tigt\" \/>\n<meta property=\"og:description\" content=\"Die gemeinsame Liste, wer wird sich um eine Eigenschaft dokumente zu mieten. Dokumentation, eine Immobilie zu mieten in Brasilien ben\u00f6tigt\" \/>\n<meta property=\"og:url\" content=\"https:\/\/hansenimoveis.com\/de\/resources\/dokumentation-eine-immobilie-zu-mieten-in-brasilien-benotigt\/\" \/>\n<meta property=\"og:site_name\" content=\"Hansen Im\u00f3veis | H\u00e4user zum Verkauf Lauro de Freitas, Litoral Norte und Salvador\" \/>\n<meta property=\"article:publisher\" content=\"https:\/\/www.facebook.com\/Hansen-Imveis-356389241069613\/\" \/>\n<meta property=\"article:modified_time\" content=\"2025-04-19T02:44:14+00:00\" \/>\n<meta property=\"og:image\" content=\"https:\/\/hansenimoveis.com\/wp-content\/uploads\/2014\/10\/mudanca.jpg\" \/>\n\t<meta property=\"og:image:width\" content=\"830\" \/>\n\t<meta property=\"og:image:height\" content=\"323\" \/>\n\t<meta property=\"og:image:type\" content=\"image\/jpeg\" \/>\n<meta name=\"twitter:label1\" content=\"Gesch\u00e4tzte Lesezeit\" \/>\n\t<meta name=\"twitter:data1\" content=\"2\u00a0Minuten\" \/>\n<script type=\"application\/ld+json\" class=\"yoast-schema-graph\">{\"@context\":\"https:\\\/\\\/schema.org\",\"@graph\":[{\"@type\":\"WebPage\",\"@id\":\"https:\\\/\\\/hansenimoveis.com\\\/de\\\/resources\\\/dokumentation-eine-immobilie-zu-mieten-in-brasilien-benotigt\\\/\",\"url\":\"https:\\\/\\\/hansenimoveis.com\\\/de\\\/resources\\\/dokumentation-eine-immobilie-zu-mieten-in-brasilien-benotigt\\\/\",\"name\":\"Dokumentation, eine Immobilie zu mieten in Brasilien ben\u00f6tigt\",\"isPartOf\":{\"@id\":\"https:\\\/\\\/hansenimoveis.com\\\/de\\\/#website\"},\"primaryImageOfPage\":{\"@id\":\"https:\\\/\\\/hansenimoveis.com\\\/de\\\/resources\\\/dokumentation-eine-immobilie-zu-mieten-in-brasilien-benotigt\\\/#primaryimage\"},\"image\":{\"@id\":\"https:\\\/\\\/hansenimoveis.com\\\/de\\\/resources\\\/dokumentation-eine-immobilie-zu-mieten-in-brasilien-benotigt\\\/#primaryimage\"},\"thumbnailUrl\":\"https:\\\/\\\/hansenimoveis.com\\\/wp-content\\\/uploads\\\/2014\\\/10\\\/mudanca.jpg\",\"datePublished\":\"2014-10-22T04:33:37+00:00\",\"dateModified\":\"2025-04-19T02:44:14+00:00\",\"description\":\"Die gemeinsame Liste, wer wird sich um eine Eigenschaft dokumente zu mieten. Dokumentation, eine Immobilie zu mieten in Brasilien ben\u00f6tigt\",\"breadcrumb\":{\"@id\":\"https:\\\/\\\/hansenimoveis.com\\\/de\\\/resources\\\/dokumentation-eine-immobilie-zu-mieten-in-brasilien-benotigt\\\/#breadcrumb\"},\"inLanguage\":\"de\",\"potentialAction\":[{\"@type\":\"ReadAction\",\"target\":[\"https:\\\/\\\/hansenimoveis.com\\\/de\\\/resources\\\/dokumentation-eine-immobilie-zu-mieten-in-brasilien-benotigt\\\/\"]}]},{\"@type\":\"ImageObject\",\"inLanguage\":\"de\",\"@id\":\"https:\\\/\\\/hansenimoveis.com\\\/de\\\/resources\\\/dokumentation-eine-immobilie-zu-mieten-in-brasilien-benotigt\\\/#primaryimage\",\"url\":\"https:\\\/\\\/hansenimoveis.com\\\/wp-content\\\/uploads\\\/2014\\\/10\\\/mudanca.jpg\",\"contentUrl\":\"https:\\\/\\\/hansenimoveis.com\\\/wp-content\\\/uploads\\\/2014\\\/10\\\/mudanca.jpg\",\"width\":830,\"height\":323},{\"@type\":\"BreadcrumbList\",\"@id\":\"https:\\\/\\\/hansenimoveis.com\\\/de\\\/resources\\\/dokumentation-eine-immobilie-zu-mieten-in-brasilien-benotigt\\\/#breadcrumb\",\"itemListElement\":[{\"@type\":\"ListItem\",\"position\":1,\"name\":\"In\u00edcio\",\"item\":\"https:\\\/\\\/hansenimoveis.com\\\/de\\\/\"},{\"@type\":\"ListItem\",\"position\":2,\"name\":\"Resources\",\"item\":\"https:\\\/\\\/hansenimoveis.com\\\/de\\\/resources\\\/\"},{\"@type\":\"ListItem\",\"position\":3,\"name\":\"Dokumentation, eine Immobilie zu mieten in Brasilien ben\u00f6tigt\"}]},{\"@type\":\"WebSite\",\"@id\":\"https:\\\/\\\/hansenimoveis.com\\\/de\\\/#website\",\"url\":\"https:\\\/\\\/hansenimoveis.com\\\/de\\\/\",\"name\":\"Hansen Im\u00f3veis | H\u00e4user zum Verkauf Lauro de Freitas, Litoral Norte und Salvador\",\"description\":\"\",\"publisher\":{\"@id\":\"https:\\\/\\\/hansenimoveis.com\\\/de\\\/#organization\"},\"potentialAction\":[{\"@type\":\"SearchAction\",\"target\":{\"@type\":\"EntryPoint\",\"urlTemplate\":\"https:\\\/\\\/hansenimoveis.com\\\/de\\\/?s={search_term_string}\"},\"query-input\":{\"@type\":\"PropertyValueSpecification\",\"valueRequired\":true,\"valueName\":\"search_term_string\"}}],\"inLanguage\":\"de\"},{\"@type\":[\"Organization\",\"Place\"],\"@id\":\"https:\\\/\\\/hansenimoveis.com\\\/de\\\/#organization\",\"name\":\"Hansen Im\u00f3veis LTDA\",\"url\":\"https:\\\/\\\/hansenimoveis.com\\\/de\\\/\",\"logo\":{\"@id\":\"https:\\\/\\\/hansenimoveis.com\\\/de\\\/resources\\\/dokumentation-eine-immobilie-zu-mieten-in-brasilien-benotigt\\\/#local-main-organization-logo\"},\"image\":{\"@id\":\"https:\\\/\\\/hansenimoveis.com\\\/de\\\/resources\\\/dokumentation-eine-immobilie-zu-mieten-in-brasilien-benotigt\\\/#local-main-organization-logo\"},\"sameAs\":[\"https:\\\/\\\/www.facebook.com\\\/Hansen-Imveis-356389241069613\\\/\",\"https:\\\/\\\/www.pinterest.dk\\\/hansenimoveis\\\/\",\"https:\\\/\\\/www.youtube.com\\\/channel\\\/UCH1v_JXMzDe4Pf4-ZHMaFDg\"],\"telephone\":[],\"openingHoursSpecification\":[{\"@type\":\"OpeningHoursSpecification\",\"dayOfWeek\":[\"Monday\",\"Tuesday\",\"Wednesday\",\"Thursday\",\"Friday\",\"Saturday\",\"Sunday\"],\"opens\":\"09:00\",\"closes\":\"17:00\"}]},{\"@type\":\"ImageObject\",\"inLanguage\":\"de\",\"@id\":\"https:\\\/\\\/hansenimoveis.com\\\/de\\\/resources\\\/dokumentation-eine-immobilie-zu-mieten-in-brasilien-benotigt\\\/#local-main-organization-logo\",\"url\":\"https:\\\/\\\/hansenimoveis.com\\\/wp-content\\\/uploads\\\/2014\\\/06\\\/Hansen-logo.jpg\",\"contentUrl\":\"https:\\\/\\\/hansenimoveis.com\\\/wp-content\\\/uploads\\\/2014\\\/06\\\/Hansen-logo.jpg\",\"width\":283,\"height\":283,\"caption\":\"Hansen Im\u00f3veis LTDA\"}]}<\/script>\n<!-- \/ Yoast SEO Premium plugin. -->","yoast_head_json":{"title":"Dokumentation, eine Immobilie zu mieten in Brasilien ben\u00f6tigt","description":"Die gemeinsame Liste, wer wird sich um eine Eigenschaft dokumente zu mieten. Dokumentation, eine Immobilie zu mieten in Brasilien ben\u00f6tigt","robots":{"index":"index","follow":"follow","max-snippet":"max-snippet:-1","max-image-preview":"max-image-preview:large","max-video-preview":"max-video-preview:-1"},"canonical":"https:\/\/hansenimoveis.com\/de\/resources\/dokumentation-eine-immobilie-zu-mieten-in-brasilien-benotigt\/","og_locale":"de_DE","og_type":"article","og_title":"Dokumentation, eine Immobilie zu mieten in Brasilien ben\u00f6tigt","og_description":"Die gemeinsame Liste, wer wird sich um eine Eigenschaft dokumente zu mieten. Dokumentation, eine Immobilie zu mieten in Brasilien ben\u00f6tigt","og_url":"https:\/\/hansenimoveis.com\/de\/resources\/dokumentation-eine-immobilie-zu-mieten-in-brasilien-benotigt\/","og_site_name":"Hansen Im\u00f3veis | H\u00e4user zum Verkauf Lauro de Freitas, Litoral Norte und Salvador","article_publisher":"https:\/\/www.facebook.com\/Hansen-Imveis-356389241069613\/","article_modified_time":"2025-04-19T02:44:14+00:00","og_image":[{"width":830,"height":323,"url":"https:\/\/hansenimoveis.com\/wp-content\/uploads\/2014\/10\/mudanca.jpg","type":"image\/jpeg"}],"twitter_misc":{"Gesch\u00e4tzte Lesezeit":"2\u00a0Minuten"},"schema":{"@context":"https:\/\/schema.org","@graph":[{"@type":"WebPage","@id":"https:\/\/hansenimoveis.com\/de\/resources\/dokumentation-eine-immobilie-zu-mieten-in-brasilien-benotigt\/","url":"https:\/\/hansenimoveis.com\/de\/resources\/dokumentation-eine-immobilie-zu-mieten-in-brasilien-benotigt\/","name":"Dokumentation, eine Immobilie zu mieten in Brasilien ben\u00f6tigt","isPartOf":{"@id":"https:\/\/hansenimoveis.com\/de\/#website"},"primaryImageOfPage":{"@id":"https:\/\/hansenimoveis.com\/de\/resources\/dokumentation-eine-immobilie-zu-mieten-in-brasilien-benotigt\/#primaryimage"},"image":{"@id":"https:\/\/hansenimoveis.com\/de\/resources\/dokumentation-eine-immobilie-zu-mieten-in-brasilien-benotigt\/#primaryimage"},"thumbnailUrl":"https:\/\/hansenimoveis.com\/wp-content\/uploads\/2014\/10\/mudanca.jpg","datePublished":"2014-10-22T04:33:37+00:00","dateModified":"2025-04-19T02:44:14+00:00","description":"Die gemeinsame Liste, wer wird sich um eine Eigenschaft dokumente zu mieten. Dokumentation, eine Immobilie zu mieten in Brasilien ben\u00f6tigt","breadcrumb":{"@id":"https:\/\/hansenimoveis.com\/de\/resources\/dokumentation-eine-immobilie-zu-mieten-in-brasilien-benotigt\/#breadcrumb"},"inLanguage":"de","potentialAction":[{"@type":"ReadAction","target":["https:\/\/hansenimoveis.com\/de\/resources\/dokumentation-eine-immobilie-zu-mieten-in-brasilien-benotigt\/"]}]},{"@type":"ImageObject","inLanguage":"de","@id":"https:\/\/hansenimoveis.com\/de\/resources\/dokumentation-eine-immobilie-zu-mieten-in-brasilien-benotigt\/#primaryimage","url":"https:\/\/hansenimoveis.com\/wp-content\/uploads\/2014\/10\/mudanca.jpg","contentUrl":"https:\/\/hansenimoveis.com\/wp-content\/uploads\/2014\/10\/mudanca.jpg","width":830,"height":323},{"@type":"BreadcrumbList","@id":"https:\/\/hansenimoveis.com\/de\/resources\/dokumentation-eine-immobilie-zu-mieten-in-brasilien-benotigt\/#breadcrumb","itemListElement":[{"@type":"ListItem","position":1,"name":"In\u00edcio","item":"https:\/\/hansenimoveis.com\/de\/"},{"@type":"ListItem","position":2,"name":"Resources","item":"https:\/\/hansenimoveis.com\/de\/resources\/"},{"@type":"ListItem","position":3,"name":"Dokumentation, eine Immobilie zu mieten in Brasilien ben\u00f6tigt"}]},{"@type":"WebSite","@id":"https:\/\/hansenimoveis.com\/de\/#website","url":"https:\/\/hansenimoveis.com\/de\/","name":"Hansen Im\u00f3veis | H\u00e4user zum Verkauf Lauro de Freitas, Litoral Norte und Salvador","description":"","publisher":{"@id":"https:\/\/hansenimoveis.com\/de\/#organization"},"potentialAction":[{"@type":"SearchAction","target":{"@type":"EntryPoint","urlTemplate":"https:\/\/hansenimoveis.com\/de\/?s={search_term_string}"},"query-input":{"@type":"PropertyValueSpecification","valueRequired":true,"valueName":"search_term_string"}}],"inLanguage":"de"},{"@type":["Organization","Place"],"@id":"https:\/\/hansenimoveis.com\/de\/#organization","name":"Hansen Im\u00f3veis LTDA","url":"https:\/\/hansenimoveis.com\/de\/","logo":{"@id":"https:\/\/hansenimoveis.com\/de\/resources\/dokumentation-eine-immobilie-zu-mieten-in-brasilien-benotigt\/#local-main-organization-logo"},"image":{"@id":"https:\/\/hansenimoveis.com\/de\/resources\/dokumentation-eine-immobilie-zu-mieten-in-brasilien-benotigt\/#local-main-organization-logo"},"sameAs":["https:\/\/www.facebook.com\/Hansen-Imveis-356389241069613\/","https:\/\/www.pinterest.dk\/hansenimoveis\/","https:\/\/www.youtube.com\/channel\/UCH1v_JXMzDe4Pf4-ZHMaFDg"],"telephone":[],"openingHoursSpecification":[{"@type":"OpeningHoursSpecification","dayOfWeek":["Monday","Tuesday","Wednesday","Thursday","Friday","Saturday","Sunday"],"opens":"09:00","closes":"17:00"}]},{"@type":"ImageObject","inLanguage":"de","@id":"https:\/\/hansenimoveis.com\/de\/resources\/dokumentation-eine-immobilie-zu-mieten-in-brasilien-benotigt\/#local-main-organization-logo","url":"https:\/\/hansenimoveis.com\/wp-content\/uploads\/2014\/06\/Hansen-logo.jpg","contentUrl":"https:\/\/hansenimoveis.com\/wp-content\/uploads\/2014\/06\/Hansen-logo.jpg","width":283,"height":283,"caption":"Hansen Im\u00f3veis LTDA"}]}},"_links":{"self":[{"href":"https:\/\/hansenimoveis.com\/de\/wp-json\/wp\/v2\/pages\/59551","targetHints":{"allow":["GET"]}}],"collection":[{"href":"https:\/\/hansenimoveis.com\/de\/wp-json\/wp\/v2\/pages"}],"about":[{"href":"https:\/\/hansenimoveis.com\/de\/wp-json\/wp\/v2\/types\/page"}],"author":[{"embeddable":true,"href":"https:\/\/hansenimoveis.com\/de\/wp-json\/wp\/v2\/users\/1"}],"replies":[{"embeddable":true,"href":"https:\/\/hansenimoveis.com\/de\/wp-json\/wp\/v2\/comments?post=59551"}],"version-history":[{"count":0,"href":"https:\/\/hansenimoveis.com\/de\/wp-json\/wp\/v2\/pages\/59551\/revisions"}],"up":[{"embeddable":true,"href":"https:\/\/hansenimoveis.com\/de\/wp-json\/wp\/v2\/pages\/59032"}],"wp:featuredmedia":[{"embeddable":true,"href":"https:\/\/hansenimoveis.com\/de\/wp-json\/wp\/v2\/media\/59528"}],"wp:attachment":[{"href":"https:\/\/hansenimoveis.com\/de\/wp-json\/wp\/v2\/media?parent=59551"}],"curies":[{"name":"wp","href":"https:\/\/api.w.org\/{rel}","templated":true}]}}